{"id":83,"date":"2014-06-11T11:31:38","date_gmt":"2014-06-11T09:31:38","guid":{"rendered":"http:\/\/pczbielsko.pl\/pl\/?page_id=83"},"modified":"2024-06-13T12:23:29","modified_gmt":"2024-06-13T10:23:29","slug":"polityka-prywatnosci","status":"publish","type":"page","link":"https:\/\/www.pczbielsko.pl\/pl\/polityka-prywatnosci\/","title":{"rendered":"Polityka prywatno\u015bci"},"content":{"rendered":"<h3>NZOZ Pediatryczne Centrum Zabiegowe Sp. z o.o.<\/h3>\n<p>Ul. Cyniarska 24 , 43-300 Bielsko-Bia\u0142a<\/p>\n<h3>Jak wykorzystujemy Pa\u0144stwa dane?<\/h3>\n<p>W \u017cadnym wypadku nie udost\u0119pniamy Pa\u0144stwa danych podmiotom trzecim. Dane pozyskiwane za pomoc\u0105 strony www.pczbielsko.pl , lub w trakcie kontaktu telefonicznego s\u0142u\u017c\u0105 jedynie do odpowiedzi na zadane pytanie lub rejestracji (w chwili obecnej zarejestrowa\u0107 mo\u017cna si\u0119 jedynie telefonicznie). Dane pozyskane w trakcie logowania si\u0119 na stron\u0119 www.pczbielsko.pl takie jak: numer IP , typ sytemu operacyjnego, przegl\u0105darki , czas logowania , s\u0105 wykorzystywane jedynie w celach statystycznych.<\/p>\n<h3>W jaki spos\u00f3b zabezpieczamy Pa\u0144stwa dane osobowe?<\/h3>\n<p>Komunikacja mi\u0119dzy Pa\u0144stwa komputerem a naszym serwerem gdy zbieramy dane osobowe, jest zaszyfrowana z u\u017cyciem protoko\u0142u SSL (Secure Socket Layer). Dodatkowo nasze bazy danych zabezpieczone s\u0105 przed wgl\u0105dem os\u00f3b trzecich.<\/p>\n<h3>W jaki spos\u00f3b firma kontaktuje si\u0119 z klientem?<\/h3>\n<p>Je\u015bli zaistnieje potrzeba kontaktu z naszymi klientami, firma zastrzega sobie prawo do wykorzystania pozyskanych danych kontaktowych.Formy kontaktu obejmuj\u0105 jedynie korespondencj\u0119 z firmowych adres\u00f3w e-mail , lub jednego z oficjalnych numer\u00f3w telefon\u00f3w. Jednocze\u015bnie informujemy, i\u017c zar\u00f3wno w chwili obecnej jak i najbli\u017cszej przysz\u0142o\u015bci , nie przewidujemy prowadzenia \u017cadnych akcji marketingowych przy u\u017cyciu pozyskanych danych.<\/p>\n<h3>Zmiany w polityce prywatno\u015bci<\/h3>\n<p>Firma NZOZ Pediatryczne Centrum Zabiegowe zastrzega sobie prawo do zmiany niniejszego regulaminu bez konieczno\u015bci informowania klient\u00f3w. Aktualna wersja tego dokumentu jest zawsze dost\u0119pna na stronie internetowej www.pczbielsko.pl i w siedzibie firmy w Bielsku &#8211; Bia\u0142ej przy ulicy Cyniarksiej 24.<\/p>\n","protected":false},"excerpt":{"rendered":"<p>NZOZ Pediatryczne Centrum Zabiegowe Sp. z o.o. Ul. Cyniarska 24 , 43-300 Bielsko-Bia\u0142a Jak wykorzystujemy [&hellip;]<\/p>\n","protected":false},"author":1,"featured_media":0,"parent":0,"menu_order":0,"comment_status":"open","ping_status":"open","template":"","meta":{"_uag_custom_page_level_css":"","footnotes":""},"class_list":["post-83","page","type-page","status-publish","hentry"],"yoast_head":"<!-- This site is optimized with the Yoast SEO plugin v26.0 - https:\/\/yoast.com\/wordpress\/plugins\/seo\/ -->\n<title>Polityka prywatno\u015bci - Pediatryczne Centrum Zabiegowe - Bielsko-Bia\u0142a<\/title>\n<meta name=\"robots\" content=\"index, follow, max-snippet:-1, max-image-preview:large, max-video-preview:-1\" \/>\n<link rel=\"canonical\" href=\"https:\/\/www.pczbielsko.pl\/pl\/polityka-prywatnosci\/\" \/>\n<meta property=\"og:locale\" content=\"pl_PL\" \/>\n<meta property=\"og:type\" content=\"article\" \/>\n<meta property=\"og:title\" content=\"Polityka prywatno\u015bci - Pediatryczne Centrum Zabiegowe - Bielsko-Bia\u0142a\" \/>\n<meta property=\"og:description\" content=\"NZOZ Pediatryczne Centrum Zabiegowe Sp. z o.o. Ul. Cyniarska 24 , 43-300 Bielsko-Bia\u0142a Jak wykorzystujemy [&hellip;]\" \/>\n<meta property=\"og:url\" content=\"https:\/\/www.pczbielsko.pl\/pl\/polityka-prywatnosci\/\" \/>\n<meta property=\"og:site_name\" content=\"Pediatryczne Centrum Zabiegowe - Bielsko-Bia\u0142a\" \/>\n<meta property=\"article:publisher\" content=\"https:\/\/www.facebook.com\/Pediatryczne-Centrum-Zabiegowe-289715897748382\/\" \/>\n<meta property=\"article:modified_time\" content=\"2024-06-13T10:23:29+00:00\" \/>\n<meta name=\"twitter:label1\" content=\"Szacowany czas czytania\" \/>\n\t<meta name=\"twitter:data1\" content=\"1 minuta\" \/>\n<script type=\"application\/ld+json\" class=\"yoast-schema-graph\">{\"@context\":\"https:\/\/schema.org\",\"@graph\":[{\"@type\":\"WebPage\",\"@id\":\"https:\/\/www.pczbielsko.pl\/pl\/polityka-prywatnosci\/\",\"url\":\"https:\/\/www.pczbielsko.pl\/pl\/polityka-prywatnosci\/\",\"name\":\"Polityka prywatno\u015bci - Pediatryczne Centrum Zabiegowe - Bielsko-Bia\u0142a\",\"isPartOf\":{\"@id\":\"https:\/\/www.pczbielsko.pl\/pl\/#website\"},\"datePublished\":\"2014-06-11T09:31:38+00:00\",\"dateModified\":\"2024-06-13T10:23:29+00:00\",\"breadcrumb\":{\"@id\":\"https:\/\/www.pczbielsko.pl\/pl\/polityka-prywatnosci\/#breadcrumb\"},\"inLanguage\":\"pl-PL\",\"potentialAction\":[{\"@type\":\"ReadAction\",\"target\":[\"https:\/\/www.pczbielsko.pl\/pl\/polityka-prywatnosci\/\"]}]},{\"@type\":\"BreadcrumbList\",\"@id\":\"https:\/\/www.pczbielsko.pl\/pl\/polityka-prywatnosci\/#breadcrumb\",\"itemListElement\":[{\"@type\":\"ListItem\",\"position\":1,\"name\":\"Strona g\u0142\u00f3wna\",\"item\":\"https:\/\/www.pczbielsko.pl\/pl\/\"},{\"@type\":\"ListItem\",\"position\":2,\"name\":\"Polityka prywatno\u015bci\"}]},{\"@type\":\"WebSite\",\"@id\":\"https:\/\/www.pczbielsko.pl\/pl\/#website\",\"url\":\"https:\/\/www.pczbielsko.pl\/pl\/\",\"name\":\"Pediatryczne Centrum Zabiegowe - Bielsko-Bia\u0142a\",\"description\":\"Pediatryczne Centrum Zabiegowe z Bielska-Bia\u0142ej prowadzi swoj\u0105 dzia\u0142alno\u015b\u0107 od 1998 roku.\",\"publisher\":{\"@id\":\"https:\/\/www.pczbielsko.pl\/pl\/#organization\"},\"potentialAction\":[{\"@type\":\"SearchAction\",\"target\":{\"@type\":\"EntryPoint\",\"urlTemplate\":\"https:\/\/www.pczbielsko.pl\/pl\/?s={search_term_string}\"},\"query-input\":{\"@type\":\"PropertyValueSpecification\",\"valueRequired\":true,\"valueName\":\"search_term_string\"}}],\"inLanguage\":\"pl-PL\"},{\"@type\":\"Organization\",\"@id\":\"https:\/\/www.pczbielsko.pl\/pl\/#organization\",\"name\":\"Pediatryczne Centrum Zabiegowe Bielsko-Bia\u0142a\",\"url\":\"https:\/\/www.pczbielsko.pl\/pl\/\",\"logo\":{\"@type\":\"ImageObject\",\"inLanguage\":\"pl-PL\",\"@id\":\"https:\/\/www.pczbielsko.pl\/pl\/#\/schema\/logo\/image\/\",\"url\":\"http:\/\/www.pczbielsko.pl\/pl\/wp-content\/uploads\/2018\/09\/pcz-logo2.png\",\"contentUrl\":\"http:\/\/www.pczbielsko.pl\/pl\/wp-content\/uploads\/2018\/09\/pcz-logo2.png\",\"width\":210,\"height\":104,\"caption\":\"Pediatryczne Centrum Zabiegowe Bielsko-Bia\u0142a\"},\"image\":{\"@id\":\"https:\/\/www.pczbielsko.pl\/pl\/#\/schema\/logo\/image\/\"},\"sameAs\":[\"https:\/\/www.facebook.com\/Pediatryczne-Centrum-Zabiegowe-289715897748382\/\"]}]}<\/script>\n<!-- \/ Yoast SEO plugin. -->","yoast_head_json":{"title":"Polityka prywatno\u015bci - Pediatryczne Centrum Zabiegowe - Bielsko-Bia\u0142a","robots":{"index":"index","follow":"follow","max-snippet":"max-snippet:-1","max-image-preview":"max-image-preview:large","max-video-preview":"max-video-preview:-1"},"canonical":"https:\/\/www.pczbielsko.pl\/pl\/polityka-prywatnosci\/","og_locale":"pl_PL","og_type":"article","og_title":"Polityka prywatno\u015bci - Pediatryczne Centrum Zabiegowe - Bielsko-Bia\u0142a","og_description":"NZOZ Pediatryczne Centrum Zabiegowe Sp. z o.o. Ul. Cyniarska 24 , 43-300 Bielsko-Bia\u0142a Jak wykorzystujemy [&hellip;]","og_url":"https:\/\/www.pczbielsko.pl\/pl\/polityka-prywatnosci\/","og_site_name":"Pediatryczne Centrum Zabiegowe - Bielsko-Bia\u0142a","article_publisher":"https:\/\/www.facebook.com\/Pediatryczne-Centrum-Zabiegowe-289715897748382\/","article_modified_time":"2024-06-13T10:23:29+00:00","twitter_misc":{"Szacowany czas czytania":"1 minuta"},"schema":{"@context":"https:\/\/schema.org","@graph":[{"@type":"WebPage","@id":"https:\/\/www.pczbielsko.pl\/pl\/polityka-prywatnosci\/","url":"https:\/\/www.pczbielsko.pl\/pl\/polityka-prywatnosci\/","name":"Polityka prywatno\u015bci - Pediatryczne Centrum Zabiegowe - Bielsko-Bia\u0142a","isPartOf":{"@id":"https:\/\/www.pczbielsko.pl\/pl\/#website"},"datePublished":"2014-06-11T09:31:38+00:00","dateModified":"2024-06-13T10:23:29+00:00","breadcrumb":{"@id":"https:\/\/www.pczbielsko.pl\/pl\/polityka-prywatnosci\/#breadcrumb"},"inLanguage":"pl-PL","potentialAction":[{"@type":"ReadAction","target":["https:\/\/www.pczbielsko.pl\/pl\/polityka-prywatnosci\/"]}]},{"@type":"BreadcrumbList","@id":"https:\/\/www.pczbielsko.pl\/pl\/polityka-prywatnosci\/#breadcrumb","itemListElement":[{"@type":"ListItem","position":1,"name":"Strona g\u0142\u00f3wna","item":"https:\/\/www.pczbielsko.pl\/pl\/"},{"@type":"ListItem","position":2,"name":"Polityka prywatno\u015bci"}]},{"@type":"WebSite","@id":"https:\/\/www.pczbielsko.pl\/pl\/#website","url":"https:\/\/www.pczbielsko.pl\/pl\/","name":"Pediatryczne Centrum Zabiegowe - Bielsko-Bia\u0142a","description":"Pediatryczne Centrum Zabiegowe z Bielska-Bia\u0142ej prowadzi swoj\u0105 dzia\u0142alno\u015b\u0107 od 1998 roku.","publisher":{"@id":"https:\/\/www.pczbielsko.pl\/pl\/#organization"},"potentialAction":[{"@type":"SearchAction","target":{"@type":"EntryPoint","urlTemplate":"https:\/\/www.pczbielsko.pl\/pl\/?s={search_term_string}"},"query-input":{"@type":"PropertyValueSpecification","valueRequired":true,"valueName":"search_term_string"}}],"inLanguage":"pl-PL"},{"@type":"Organization","@id":"https:\/\/www.pczbielsko.pl\/pl\/#organization","name":"Pediatryczne Centrum Zabiegowe Bielsko-Bia\u0142a","url":"https:\/\/www.pczbielsko.pl\/pl\/","logo":{"@type":"ImageObject","inLanguage":"pl-PL","@id":"https:\/\/www.pczbielsko.pl\/pl\/#\/schema\/logo\/image\/","url":"http:\/\/www.pczbielsko.pl\/pl\/wp-content\/uploads\/2018\/09\/pcz-logo2.png","contentUrl":"http:\/\/www.pczbielsko.pl\/pl\/wp-content\/uploads\/2018\/09\/pcz-logo2.png","width":210,"height":104,"caption":"Pediatryczne Centrum Zabiegowe Bielsko-Bia\u0142a"},"image":{"@id":"https:\/\/www.pczbielsko.pl\/pl\/#\/schema\/logo\/image\/"},"sameAs":["https:\/\/www.facebook.com\/Pediatryczne-Centrum-Zabiegowe-289715897748382\/"]}]}},"uagb_featured_image_src":{"full":false,"thumbnail":false,"medium":false,"medium_large":false,"large":false,"1536x1536":false,"2048x2048":false,"homeNews":false},"uagb_author_info":{"display_name":"labre","author_link":"https:\/\/www.pczbielsko.pl\/pl\/author\/labre\/"},"uagb_comment_info":0,"uagb_excerpt":"NZOZ Pediatryczne Centrum Zabiegowe Sp. z o.o. Ul. Cyniarska 24 , 43-300 Bielsko-Bia\u0142a Jak wykorzystujemy [&hellip;]","_links":{"self":[{"href":"https:\/\/www.pczbielsko.pl\/pl\/wp-json\/wp\/v2\/pages\/83","targetHints":{"allow":["GET"]}}],"collection":[{"href":"https:\/\/www.pczbielsko.pl\/pl\/wp-json\/wp\/v2\/pages"}],"about":[{"href":"https:\/\/www.pczbielsko.pl\/pl\/wp-json\/wp\/v2\/types\/page"}],"author":[{"embeddable":true,"href":"https:\/\/www.pczbielsko.pl\/pl\/wp-json\/wp\/v2\/users\/1"}],"replies":[{"embeddable":true,"href":"https:\/\/www.pczbielsko.pl\/pl\/wp-json\/wp\/v2\/comments?post=83"}],"version-history":[{"count":8,"href":"https:\/\/www.pczbielsko.pl\/pl\/wp-json\/wp\/v2\/pages\/83\/revisions"}],"predecessor-version":[{"id":913,"href":"https:\/\/www.pczbielsko.pl\/pl\/wp-json\/wp\/v2\/pages\/83\/revisions\/913"}],"wp:attachment":[{"href":"https:\/\/www.pczbielsko.pl\/pl\/wp-json\/wp\/v2\/media?parent=83"}],"curies":[{"name":"wp","href":"https:\/\/api.w.org\/{rel}","templated":true}]}}