{"id":76,"date":"2014-06-11T10:55:21","date_gmt":"2014-06-11T08:55:21","guid":{"rendered":"http:\/\/pczbielsko.pl\/pl\/?page_id=76"},"modified":"2014-06-11T10:57:01","modified_gmt":"2014-06-11T08:57:01","slug":"anestezjolog","status":"publish","type":"page","link":"https:\/\/www.pczbielsko.pl\/pl\/oddzial-chirurgii-krotkoterminowej\/anestezjolog\/","title":{"rendered":"Anestezjolog"},"content":{"rendered":"<h3>Znieczulenie og\u00f3lne &#8211; co to jest ?<\/h3>\n<p>Znieczulenie og\u00f3lne, zwane narkoz\u0105, jest niezb\u0119dnym elementem wykonywanych zabieg\u00f3w i operacji.G\u0142\u00f3wnym jego celem jest oszcz\u0119dzenie zar\u00f3wno dzieciom jak i doros\u0142ym wszelkich dolegliwo\u015bci i stresu oraz stworzenie jak najlepszych warunk\u00f3w pracy lekarzom wykonuj\u0105cym zabieg.Narkoza znosi \u015bwiadomo\u015b\u0107 i odczuwanie b\u00f3lu w ca\u0142ym organizmie.<br \/>Pacjent od pocz\u0105tku do ko\u0144ca narkozy znajduje si\u0119 w stanie przypominaj\u0105cym g\u0142\u0119boki sen.Dziecko mo\u017cna u\u015bpi\u0107 podaniem leku do \u017cy\u0142y lub gazu usypiaj\u0105cego do oddychania.Leki te dzia\u0142aj\u0105 bardzo kr\u00f3tko, dok\u0142adnie tyle ile wymagaj\u0105 tego czynno\u015bci prowadzone przez chirurga, dlatego dziecko budzi si\u0119 po operacji bardzo szybko.<\/p>\n<p>Znieczulenie poprzedzone jest podaniem leku uspokajaj\u0105cego (syropek dla dzieci), kt\u00f3ry poprawia nastr\u00f3j i zwi\u0119ksza zaufanie dzieci do personelu medycznego, a tak\u017ce powoduje niepami\u0119\u0107 zdarze\u0144 oko\u0142ooperacyjnych.Przed podaniem \u015brodka znieczulaj\u0105cego do \u017cy\u0142, naklejona jest na r\u0119ce dziecka folia z kremem znieczulaj\u0105cym miejsce wk\u0142ucia.<br \/>Kontynuacja znieczulenia polega na powtarzanych wstrzykni\u0119ciach leku do \u017cy\u0142y (znieczulenie do\u017cylne) lub podawaniu do oddychania \u015brodka gazowego (znieczulenie wziewne).W wielu przypadkach zachodzi konieczno\u015b\u0107 zastosowania sztucznego oddychania poprzez wprowadzon\u0105 do tchawicy rurk\u0119 (tzw intubacja).Intubacja zapewnia wysoki stopie\u0144 bezpiecze\u0144stwa i chroni p\u0142uca przed nast\u0119pstwami zach\u0142y\u015bni\u0119cia.<\/p>\n<h3>Znieczulenie miejscowe i przewodowe &#8211; co to jest?<\/h3>\n<p>Znieczulenie miejscowe to zniesienie b\u00f3lu jedynie w miejscu, w kt\u00f3rym przeprowadzona jest operacja. Polega na wstrzykni\u0119ciu w okolice nerw\u00f3w, lub pod sk\u00f3r\u0119 lek\u00f3w okresowo przerywaj\u0105cych przekazywanie bod\u017ac\u00f3w b\u00f3lowych do m\u00f3zgu.<br \/>Znieczulenie przewodowe to wstrzykni\u0119cie lek\u00f3w do przestrzeni zewn\u0105trzoponowej lub podpaj\u0119czyn\u00f3wkowej kr\u0119gos\u0142upa- miejsca, z kt\u00f3rego wychodz\u0105 g\u0142\u00f3wne nerwy oraganizmu, daj\u0105c efekt zniesienia b\u00f3lu i temperatury w okolicy zaopatrywanej przez te nerwy, przy zachowanym czuciu dotyku i ucisku, cz\u0119sto z os\u0142abieniem si\u0142y mi\u0119\u015bniowej w tej okolicy.<br \/>UWAGA! Znieczulenie przewodowe u dzieci w odr\u00f3\u017cnieniu od doros\u0142ych stanowi najcz\u0119\u015bciej uzupe\u0142nienie znieczulenia og\u00f3lnego, a jego podstawowym celem jest elimanacja b\u00f3lu po operacji.<br \/>Kto wykonuje znieczulenie (anestezj\u0119)?<\/p>\n<p>\u00a0Za przeprowadzenie znieczulenia, jak r\u00f3wnie\u017c utrzymanie podczas jego trwania podstawowych funkcji \u017cyciowych pacjenta (szczeg\u00f3lnie oddychania i pracy serca) odpowiedzialny jest lekarz anestezjolog, kt\u00f3ry posiada specjalistyczn\u0105 wiedz\u0119 z zakresu anestezji (znieczulania) i intensywnej terapii medycznej.<br \/>\u00a0Wsp\u00f3\u0142pracuje on z pielegniark\u0105 anestezjologiczn\u0105 oraz chirurgiem, dbaj\u0105c o bezpiecze\u0144stwo i komfort pacjenta.Przez ca\u0142y okres anestezji monitorowane s\u0105 podstawowe parametry wydolno\u015bci uk\u0142adu kr\u0105\u017ceniowego i oddechowego.<\/p>\n<h3>Dlaczego nie mo\u017cna je\u015b\u0107 ani pi\u0107 przed narkoz\u0105 = u\u015bpieniem = anestezj\u0105 = znieczuleniem?<\/h3>\n<p>\u00a0Obecno\u015b\u0107 p\u0142yn\u00f3w i pokarm\u00f3w w \u017co\u0142\u0105dku mo\u017ce okaza\u0107 si\u0119 niebezpieczna dla zdrowia i \u017cycia, gdy\u017c po narkozie mog\u0142yby si\u0119 one przedosta\u0107 do p\u0142uc. Czas pozostawania na czczo zale\u017cy od wieku i rodzaju operacji.<br \/>niemowl\u0105t i ma\u0142ych dzieci nie karmimy 4 godziny przed narkoz\u0105<br \/>dzieci powy\u017cej 6 roku \u017cycia i doro\u015bli nie jedz\u0105 6 godzin przed narkoz\u0105<br \/>czyste p\u0142yny (wod\u0119 lub herbat\u0119 w ma\u0142ej ilo\u015bci) dzieci mog\u0105 pi\u0107 do 2 godzin przed zabiegiem.<br \/>czyste p\u0142yny doro\u015bli mog\u0105 pi\u0107 nie p\u00f3\u017aniej ni\u017c 4 godziny przed zabiegiem.<\/p>\n<p>\u00a0UWAGA! W \u017cadnym wypadku nie wolno zatai\u0107 przed zespo\u0142em anestezjologicznym faktu spo\u017cycia pokarm\u00f3w lub p\u0142yn\u00f3w w zakazanym okresie, gdy\u017c w ten spos\u00f3b nara\u017camy zdrowie, a by\u0107 mo\u017ce i \u017cycie znieczulanego pacjenta!<\/p>\n<p>Smopoczucie po zabiegu<\/p>\n<p>\u00a0Pacjent, szczeg\u00f3lnie dziecko, mo\u017ce czu\u0107 si\u0119 \u017ale przez pewien okres czasu. Objawy typowe to: sw\u0119dzenie nosa i oczu, drapanie w gardle, nadmierne pobudzenie. Cz\u0119\u015b\u0107 dzieci odczuwa md\u0142o\u015bci, lub mo\u017ce wymiotowa\u0107. Wszystkie objawy s\u0105 przej\u015bciowe i ust\u0119puj\u0105 najcz\u0119sciej do godziny po obudzeniu pacjenta.<br \/>\u00a0W przypadku dzieci, szczego\u0142nie wa\u017cna w tym okresie jest wsp\u00f3lpraca rodzic\u00f3w z zespo\u0142em anestezjologicznym, maj\u0105ca na celu stworzenie poczucia bezpiecze\u0144stwa dziecku.<\/p>\n","protected":false},"excerpt":{"rendered":"<p>Znieczulenie og\u00f3lne &#8211; co to jest ? Znieczulenie og\u00f3lne, zwane narkoz\u0105, jest niezb\u0119dnym elementem wykonywanych [&hellip;]<\/p>\n","protected":false},"author":1,"featured_media":0,"parent":15,"menu_order":0,"comment_status":"open","ping_status":"open","template":"","meta":{"_uag_custom_page_level_css":"","footnotes":""},"class_list":["post-76","page","type-page","status-publish","hentry"],"yoast_head":"<!-- This site is optimized with the Yoast SEO plugin v26.0 - https:\/\/yoast.com\/wordpress\/plugins\/seo\/ -->\n<title>Anestezjolog - Pediatryczne Centrum Zabiegowe - Bielsko-Bia\u0142a<\/title>\n<meta name=\"robots\" content=\"index, follow, max-snippet:-1, max-image-preview:large, max-video-preview:-1\" \/>\n<link rel=\"canonical\" href=\"https:\/\/www.pczbielsko.pl\/pl\/oddzial-chirurgii-krotkoterminowej\/anestezjolog\/\" \/>\n<meta property=\"og:locale\" content=\"pl_PL\" \/>\n<meta property=\"og:type\" content=\"article\" \/>\n<meta property=\"og:title\" content=\"Anestezjolog - Pediatryczne Centrum Zabiegowe - Bielsko-Bia\u0142a\" \/>\n<meta property=\"og:description\" content=\"Znieczulenie og\u00f3lne &#8211; co to jest ? Znieczulenie og\u00f3lne, zwane narkoz\u0105, jest niezb\u0119dnym elementem wykonywanych [&hellip;]\" \/>\n<meta property=\"og:url\" content=\"https:\/\/www.pczbielsko.pl\/pl\/oddzial-chirurgii-krotkoterminowej\/anestezjolog\/\" \/>\n<meta property=\"og:site_name\" content=\"Pediatryczne Centrum Zabiegowe - Bielsko-Bia\u0142a\" \/>\n<meta property=\"article:publisher\" content=\"https:\/\/www.facebook.com\/Pediatryczne-Centrum-Zabiegowe-289715897748382\/\" \/>\n<meta property=\"article:modified_time\" content=\"2014-06-11T08:57:01+00:00\" \/>\n<meta name=\"twitter:label1\" content=\"Szacowany czas czytania\" \/>\n\t<meta name=\"twitter:data1\" content=\"3 minuty\" \/>\n<script type=\"application\/ld+json\" class=\"yoast-schema-graph\">{\"@context\":\"https:\/\/schema.org\",\"@graph\":[{\"@type\":\"WebPage\",\"@id\":\"https:\/\/www.pczbielsko.pl\/pl\/oddzial-chirurgii-krotkoterminowej\/anestezjolog\/\",\"url\":\"https:\/\/www.pczbielsko.pl\/pl\/oddzial-chirurgii-krotkoterminowej\/anestezjolog\/\",\"name\":\"Anestezjolog - Pediatryczne Centrum Zabiegowe - Bielsko-Bia\u0142a\",\"isPartOf\":{\"@id\":\"https:\/\/www.pczbielsko.pl\/pl\/#website\"},\"datePublished\":\"2014-06-11T08:55:21+00:00\",\"dateModified\":\"2014-06-11T08:57:01+00:00\",\"breadcrumb\":{\"@id\":\"https:\/\/www.pczbielsko.pl\/pl\/oddzial-chirurgii-krotkoterminowej\/anestezjolog\/#breadcrumb\"},\"inLanguage\":\"pl-PL\",\"potentialAction\":[{\"@type\":\"ReadAction\",\"target\":[\"https:\/\/www.pczbielsko.pl\/pl\/oddzial-chirurgii-krotkoterminowej\/anestezjolog\/\"]}]},{\"@type\":\"BreadcrumbList\",\"@id\":\"https:\/\/www.pczbielsko.pl\/pl\/oddzial-chirurgii-krotkoterminowej\/anestezjolog\/#breadcrumb\",\"itemListElement\":[{\"@type\":\"ListItem\",\"position\":1,\"name\":\"Strona g\u0142\u00f3wna\",\"item\":\"https:\/\/www.pczbielsko.pl\/pl\/\"},{\"@type\":\"ListItem\",\"position\":2,\"name\":\"Chirurgia kr\u00f3tkoterminowa\",\"item\":\"https:\/\/www.pczbielsko.pl\/pl\/oddzial-chirurgii-krotkoterminowej\/\"},{\"@type\":\"ListItem\",\"position\":3,\"name\":\"Anestezjolog\"}]},{\"@type\":\"WebSite\",\"@id\":\"https:\/\/www.pczbielsko.pl\/pl\/#website\",\"url\":\"https:\/\/www.pczbielsko.pl\/pl\/\",\"name\":\"Pediatryczne Centrum Zabiegowe - Bielsko-Bia\u0142a\",\"description\":\"Pediatryczne Centrum Zabiegowe z Bielska-Bia\u0142ej prowadzi swoj\u0105 dzia\u0142alno\u015b\u0107 od 1998 roku.\",\"publisher\":{\"@id\":\"https:\/\/www.pczbielsko.pl\/pl\/#organization\"},\"potentialAction\":[{\"@type\":\"SearchAction\",\"target\":{\"@type\":\"EntryPoint\",\"urlTemplate\":\"https:\/\/www.pczbielsko.pl\/pl\/?s={search_term_string}\"},\"query-input\":{\"@type\":\"PropertyValueSpecification\",\"valueRequired\":true,\"valueName\":\"search_term_string\"}}],\"inLanguage\":\"pl-PL\"},{\"@type\":\"Organization\",\"@id\":\"https:\/\/www.pczbielsko.pl\/pl\/#organization\",\"name\":\"Pediatryczne Centrum Zabiegowe Bielsko-Bia\u0142a\",\"url\":\"https:\/\/www.pczbielsko.pl\/pl\/\",\"logo\":{\"@type\":\"ImageObject\",\"inLanguage\":\"pl-PL\",\"@id\":\"https:\/\/www.pczbielsko.pl\/pl\/#\/schema\/logo\/image\/\",\"url\":\"http:\/\/www.pczbielsko.pl\/pl\/wp-content\/uploads\/2018\/09\/pcz-logo2.png\",\"contentUrl\":\"http:\/\/www.pczbielsko.pl\/pl\/wp-content\/uploads\/2018\/09\/pcz-logo2.png\",\"width\":210,\"height\":104,\"caption\":\"Pediatryczne Centrum Zabiegowe Bielsko-Bia\u0142a\"},\"image\":{\"@id\":\"https:\/\/www.pczbielsko.pl\/pl\/#\/schema\/logo\/image\/\"},\"sameAs\":[\"https:\/\/www.facebook.com\/Pediatryczne-Centrum-Zabiegowe-289715897748382\/\"]}]}<\/script>\n<!-- \/ Yoast SEO plugin. -->","yoast_head_json":{"title":"Anestezjolog - Pediatryczne Centrum Zabiegowe - Bielsko-Bia\u0142a","robots":{"index":"index","follow":"follow","max-snippet":"max-snippet:-1","max-image-preview":"max-image-preview:large","max-video-preview":"max-video-preview:-1"},"canonical":"https:\/\/www.pczbielsko.pl\/pl\/oddzial-chirurgii-krotkoterminowej\/anestezjolog\/","og_locale":"pl_PL","og_type":"article","og_title":"Anestezjolog - Pediatryczne Centrum Zabiegowe - Bielsko-Bia\u0142a","og_description":"Znieczulenie og\u00f3lne &#8211; co to jest ? Znieczulenie og\u00f3lne, zwane narkoz\u0105, jest niezb\u0119dnym elementem wykonywanych [&hellip;]","og_url":"https:\/\/www.pczbielsko.pl\/pl\/oddzial-chirurgii-krotkoterminowej\/anestezjolog\/","og_site_name":"Pediatryczne Centrum Zabiegowe - Bielsko-Bia\u0142a","article_publisher":"https:\/\/www.facebook.com\/Pediatryczne-Centrum-Zabiegowe-289715897748382\/","article_modified_time":"2014-06-11T08:57:01+00:00","twitter_misc":{"Szacowany czas czytania":"3 minuty"},"schema":{"@context":"https:\/\/schema.org","@graph":[{"@type":"WebPage","@id":"https:\/\/www.pczbielsko.pl\/pl\/oddzial-chirurgii-krotkoterminowej\/anestezjolog\/","url":"https:\/\/www.pczbielsko.pl\/pl\/oddzial-chirurgii-krotkoterminowej\/anestezjolog\/","name":"Anestezjolog - Pediatryczne Centrum Zabiegowe - Bielsko-Bia\u0142a","isPartOf":{"@id":"https:\/\/www.pczbielsko.pl\/pl\/#website"},"datePublished":"2014-06-11T08:55:21+00:00","dateModified":"2014-06-11T08:57:01+00:00","breadcrumb":{"@id":"https:\/\/www.pczbielsko.pl\/pl\/oddzial-chirurgii-krotkoterminowej\/anestezjolog\/#breadcrumb"},"inLanguage":"pl-PL","potentialAction":[{"@type":"ReadAction","target":["https:\/\/www.pczbielsko.pl\/pl\/oddzial-chirurgii-krotkoterminowej\/anestezjolog\/"]}]},{"@type":"BreadcrumbList","@id":"https:\/\/www.pczbielsko.pl\/pl\/oddzial-chirurgii-krotkoterminowej\/anestezjolog\/#breadcrumb","itemListElement":[{"@type":"ListItem","position":1,"name":"Strona g\u0142\u00f3wna","item":"https:\/\/www.pczbielsko.pl\/pl\/"},{"@type":"ListItem","position":2,"name":"Chirurgia kr\u00f3tkoterminowa","item":"https:\/\/www.pczbielsko.pl\/pl\/oddzial-chirurgii-krotkoterminowej\/"},{"@type":"ListItem","position":3,"name":"Anestezjolog"}]},{"@type":"WebSite","@id":"https:\/\/www.pczbielsko.pl\/pl\/#website","url":"https:\/\/www.pczbielsko.pl\/pl\/","name":"Pediatryczne Centrum Zabiegowe - Bielsko-Bia\u0142a","description":"Pediatryczne Centrum Zabiegowe z Bielska-Bia\u0142ej prowadzi swoj\u0105 dzia\u0142alno\u015b\u0107 od 1998 roku.","publisher":{"@id":"https:\/\/www.pczbielsko.pl\/pl\/#organization"},"potentialAction":[{"@type":"SearchAction","target":{"@type":"EntryPoint","urlTemplate":"https:\/\/www.pczbielsko.pl\/pl\/?s={search_term_string}"},"query-input":{"@type":"PropertyValueSpecification","valueRequired":true,"valueName":"search_term_string"}}],"inLanguage":"pl-PL"},{"@type":"Organization","@id":"https:\/\/www.pczbielsko.pl\/pl\/#organization","name":"Pediatryczne Centrum Zabiegowe Bielsko-Bia\u0142a","url":"https:\/\/www.pczbielsko.pl\/pl\/","logo":{"@type":"ImageObject","inLanguage":"pl-PL","@id":"https:\/\/www.pczbielsko.pl\/pl\/#\/schema\/logo\/image\/","url":"http:\/\/www.pczbielsko.pl\/pl\/wp-content\/uploads\/2018\/09\/pcz-logo2.png","contentUrl":"http:\/\/www.pczbielsko.pl\/pl\/wp-content\/uploads\/2018\/09\/pcz-logo2.png","width":210,"height":104,"caption":"Pediatryczne Centrum Zabiegowe Bielsko-Bia\u0142a"},"image":{"@id":"https:\/\/www.pczbielsko.pl\/pl\/#\/schema\/logo\/image\/"},"sameAs":["https:\/\/www.facebook.com\/Pediatryczne-Centrum-Zabiegowe-289715897748382\/"]}]}},"uagb_featured_image_src":{"full":false,"thumbnail":false,"medium":false,"medium_large":false,"large":false,"1536x1536":false,"2048x2048":false,"homeNews":false},"uagb_author_info":{"display_name":"labre","author_link":"https:\/\/www.pczbielsko.pl\/pl\/author\/labre\/"},"uagb_comment_info":0,"uagb_excerpt":"Znieczulenie og\u00f3lne &#8211; co to jest ? Znieczulenie og\u00f3lne, zwane narkoz\u0105, jest niezb\u0119dnym elementem wykonywanych [&hellip;]","_links":{"self":[{"href":"https:\/\/www.pczbielsko.pl\/pl\/wp-json\/wp\/v2\/pages\/76","targetHints":{"allow":["GET"]}}],"collection":[{"href":"https:\/\/www.pczbielsko.pl\/pl\/wp-json\/wp\/v2\/pages"}],"about":[{"href":"https:\/\/www.pczbielsko.pl\/pl\/wp-json\/wp\/v2\/types\/page"}],"author":[{"embeddable":true,"href":"https:\/\/www.pczbielsko.pl\/pl\/wp-json\/wp\/v2\/users\/1"}],"replies":[{"embeddable":true,"href":"https:\/\/www.pczbielsko.pl\/pl\/wp-json\/wp\/v2\/comments?post=76"}],"version-history":[{"count":3,"href":"https:\/\/www.pczbielsko.pl\/pl\/wp-json\/wp\/v2\/pages\/76\/revisions"}],"predecessor-version":[{"id":79,"href":"https:\/\/www.pczbielsko.pl\/pl\/wp-json\/wp\/v2\/pages\/76\/revisions\/79"}],"up":[{"embeddable":true,"href":"https:\/\/www.pczbielsko.pl\/pl\/wp-json\/wp\/v2\/pages\/15"}],"wp:attachment":[{"href":"https:\/\/www.pczbielsko.pl\/pl\/wp-json\/wp\/v2\/media?parent=76"}],"curies":[{"name":"wp","href":"https:\/\/api.w.org\/{rel}","templated":true}]}}