{"id":6,"date":"2014-06-09T15:14:37","date_gmt":"2014-06-09T13:14:37","guid":{"rendered":"http:\/\/pczbielsko.pl\/pl\/?page_id=6"},"modified":"2026-02-27T10:08:27","modified_gmt":"2026-02-27T09:08:27","slug":"kontakt","status":"publish","type":"page","link":"https:\/\/www.pczbielsko.pl\/pl\/kontakt\/","title":{"rendered":"Kontakt"},"content":{"rendered":"\n<div class=\"wp-block-uagb-container uagb-block-e4f265ec alignfull uagb-is-root-container\"><div class=\"uagb-container-inner-blocks-wrap\">\n<div class=\"wp-block-uagb-container uagb-block-fae1d955\">\n<p><strong>Pediatryczne Centrum Zabiegowe<\/strong><\/p>\n\n\n\n<p>ul. Cyniarska 24 , <br>43-300 Bielsko-Bia\u0142a<br><br><strong>Godziny otwarcia:<\/strong><br>Pn-Pt. 8:00 &#8211; 18:00<\/p>\n<\/div>\n\n\n\n<div class=\"wp-block-uagb-container uagb-block-29a64494\">\n<p><strong>Rejestracja:<\/strong><br>tel: +48 33 816 44 44<br>tel: +48 33 816 44 45<br>fax: +48 33 816 44 44<br>E-mail: pcz@pczbielsko.pl<\/p>\n\n\n\n<p><strong>Zabiegi odp\u0142atne:<\/strong><br>tel.: +48 883 928 959<\/p>\n<\/div>\n\n\n\n<div class=\"wp-block-uagb-container uagb-block-f62f96df\">\n<p><strong>Oddzia\u0142 Chirurgii Kr\u00f3tkoterminowej:<\/strong><br>tel: +48 33 816 44 41<br>tel: +48 883 928 959<\/p>\n\n\n\n<p><strong>Stomatologia<\/strong><br>tel: +48 33 474 28 21<\/p>\n<\/div>\n<\/div><\/div>\n\n\n\t\t\t<div \n\t\t\tclass=\"wp-block-uagb-google-map uagb-google-map__wrap uagb-block-0537574c     \"\n\t\t\tstyle=\"\" >\n\t\t\t\t<embed\n\t\t\t\t\tclass=\"uagb-google-map__iframe\"\n\t\t\t\t\ttitle=\"Mapa Google dla \"\n\t\t\t\t\tsrc=\"https:\/\/maps.google.com\/maps?q=ul.%20Cyniarska%2024%20%2C%20%2043-300%20Bielsko-Bia%C5%82a&#038;z=13&#038;hl=en&#038;t=m&#038;output=embed&#038;iwloc=near\"\n\t\t\t\t\twidth=\"640\"\n\t\t\t\t\theight=\"500\"\n\t\t\t\t\tloading=\"lazy\"\n\t\t\t\t><\/embed>\n\t\t\t<\/div>\n\t\t\t","protected":false},"excerpt":{"rendered":"<p>Pediatryczne Centrum Zabiegowe ul. Cyniarska 24 , 43-300 Bielsko-Bia\u0142a Godziny otwarcia:Pn-Pt. 8:00 &#8211; 18:00 Rejestracja:tel: [&hellip;]<\/p>\n","protected":false},"author":1,"featured_media":0,"parent":0,"menu_order":0,"comment_status":"open","ping_status":"open","template":"","meta":{"_uag_custom_page_level_css":"","footnotes":""},"class_list":["post-6","page","type-page","status-publish","hentry"],"yoast_head":"<!-- This site is optimized with the Yoast SEO plugin v26.0 - https:\/\/yoast.com\/wordpress\/plugins\/seo\/ -->\n<title>Kontakt - Pediatryczne Centrum Zabiegowe - Bielsko-Bia\u0142a<\/title>\n<meta name=\"robots\" content=\"index, follow, max-snippet:-1, max-image-preview:large, max-video-preview:-1\" \/>\n<link rel=\"canonical\" href=\"https:\/\/www.pczbielsko.pl\/pl\/kontakt\/\" \/>\n<meta property=\"og:locale\" content=\"pl_PL\" \/>\n<meta property=\"og:type\" content=\"article\" \/>\n<meta property=\"og:title\" content=\"Kontakt - Pediatryczne Centrum Zabiegowe - Bielsko-Bia\u0142a\" \/>\n<meta property=\"og:description\" content=\"Pediatryczne Centrum Zabiegowe ul. Cyniarska 24 , 43-300 Bielsko-Bia\u0142a Godziny otwarcia:Pn-Pt. 8:00 &#8211; 18:00 Rejestracja:tel: [&hellip;]\" \/>\n<meta property=\"og:url\" content=\"https:\/\/www.pczbielsko.pl\/pl\/kontakt\/\" \/>\n<meta property=\"og:site_name\" content=\"Pediatryczne Centrum Zabiegowe - Bielsko-Bia\u0142a\" \/>\n<meta property=\"article:publisher\" content=\"https:\/\/www.facebook.com\/Pediatryczne-Centrum-Zabiegowe-289715897748382\/\" \/>\n<meta property=\"article:modified_time\" content=\"2026-02-27T09:08:27+00:00\" \/>\n<meta name=\"twitter:label1\" content=\"Szacowany czas czytania\" \/>\n\t<meta name=\"twitter:data1\" content=\"1 minuta\" \/>\n<script type=\"application\/ld+json\" class=\"yoast-schema-graph\">{\"@context\":\"https:\/\/schema.org\",\"@graph\":[{\"@type\":\"WebPage\",\"@id\":\"https:\/\/www.pczbielsko.pl\/pl\/kontakt\/\",\"url\":\"https:\/\/www.pczbielsko.pl\/pl\/kontakt\/\",\"name\":\"Kontakt - Pediatryczne Centrum Zabiegowe - Bielsko-Bia\u0142a\",\"isPartOf\":{\"@id\":\"https:\/\/www.pczbielsko.pl\/pl\/#website\"},\"datePublished\":\"2014-06-09T13:14:37+00:00\",\"dateModified\":\"2026-02-27T09:08:27+00:00\",\"breadcrumb\":{\"@id\":\"https:\/\/www.pczbielsko.pl\/pl\/kontakt\/#breadcrumb\"},\"inLanguage\":\"pl-PL\",\"potentialAction\":[{\"@type\":\"ReadAction\",\"target\":[\"https:\/\/www.pczbielsko.pl\/pl\/kontakt\/\"]}]},{\"@type\":\"BreadcrumbList\",\"@id\":\"https:\/\/www.pczbielsko.pl\/pl\/kontakt\/#breadcrumb\",\"itemListElement\":[{\"@type\":\"ListItem\",\"position\":1,\"name\":\"Strona g\u0142\u00f3wna\",\"item\":\"https:\/\/www.pczbielsko.pl\/pl\/\"},{\"@type\":\"ListItem\",\"position\":2,\"name\":\"Kontakt\"}]},{\"@type\":\"WebSite\",\"@id\":\"https:\/\/www.pczbielsko.pl\/pl\/#website\",\"url\":\"https:\/\/www.pczbielsko.pl\/pl\/\",\"name\":\"Pediatryczne Centrum Zabiegowe - Bielsko-Bia\u0142a\",\"description\":\"Pediatryczne Centrum Zabiegowe z Bielska-Bia\u0142ej prowadzi swoj\u0105 dzia\u0142alno\u015b\u0107 od 1998 roku.\",\"publisher\":{\"@id\":\"https:\/\/www.pczbielsko.pl\/pl\/#organization\"},\"potentialAction\":[{\"@type\":\"SearchAction\",\"target\":{\"@type\":\"EntryPoint\",\"urlTemplate\":\"https:\/\/www.pczbielsko.pl\/pl\/?s={search_term_string}\"},\"query-input\":{\"@type\":\"PropertyValueSpecification\",\"valueRequired\":true,\"valueName\":\"search_term_string\"}}],\"inLanguage\":\"pl-PL\"},{\"@type\":\"Organization\",\"@id\":\"https:\/\/www.pczbielsko.pl\/pl\/#organization\",\"name\":\"Pediatryczne Centrum Zabiegowe Bielsko-Bia\u0142a\",\"url\":\"https:\/\/www.pczbielsko.pl\/pl\/\",\"logo\":{\"@type\":\"ImageObject\",\"inLanguage\":\"pl-PL\",\"@id\":\"https:\/\/www.pczbielsko.pl\/pl\/#\/schema\/logo\/image\/\",\"url\":\"http:\/\/www.pczbielsko.pl\/pl\/wp-content\/uploads\/2018\/09\/pcz-logo2.png\",\"contentUrl\":\"http:\/\/www.pczbielsko.pl\/pl\/wp-content\/uploads\/2018\/09\/pcz-logo2.png\",\"width\":210,\"height\":104,\"caption\":\"Pediatryczne Centrum Zabiegowe Bielsko-Bia\u0142a\"},\"image\":{\"@id\":\"https:\/\/www.pczbielsko.pl\/pl\/#\/schema\/logo\/image\/\"},\"sameAs\":[\"https:\/\/www.facebook.com\/Pediatryczne-Centrum-Zabiegowe-289715897748382\/\"]}]}<\/script>\n<!-- \/ Yoast SEO plugin. -->","yoast_head_json":{"title":"Kontakt - Pediatryczne Centrum Zabiegowe - Bielsko-Bia\u0142a","robots":{"index":"index","follow":"follow","max-snippet":"max-snippet:-1","max-image-preview":"max-image-preview:large","max-video-preview":"max-video-preview:-1"},"canonical":"https:\/\/www.pczbielsko.pl\/pl\/kontakt\/","og_locale":"pl_PL","og_type":"article","og_title":"Kontakt - Pediatryczne Centrum Zabiegowe - Bielsko-Bia\u0142a","og_description":"Pediatryczne Centrum Zabiegowe ul. Cyniarska 24 , 43-300 Bielsko-Bia\u0142a Godziny otwarcia:Pn-Pt. 8:00 &#8211; 18:00 Rejestracja:tel: [&hellip;]","og_url":"https:\/\/www.pczbielsko.pl\/pl\/kontakt\/","og_site_name":"Pediatryczne Centrum Zabiegowe - Bielsko-Bia\u0142a","article_publisher":"https:\/\/www.facebook.com\/Pediatryczne-Centrum-Zabiegowe-289715897748382\/","article_modified_time":"2026-02-27T09:08:27+00:00","twitter_misc":{"Szacowany czas czytania":"1 minuta"},"schema":{"@context":"https:\/\/schema.org","@graph":[{"@type":"WebPage","@id":"https:\/\/www.pczbielsko.pl\/pl\/kontakt\/","url":"https:\/\/www.pczbielsko.pl\/pl\/kontakt\/","name":"Kontakt - Pediatryczne Centrum Zabiegowe - Bielsko-Bia\u0142a","isPartOf":{"@id":"https:\/\/www.pczbielsko.pl\/pl\/#website"},"datePublished":"2014-06-09T13:14:37+00:00","dateModified":"2026-02-27T09:08:27+00:00","breadcrumb":{"@id":"https:\/\/www.pczbielsko.pl\/pl\/kontakt\/#breadcrumb"},"inLanguage":"pl-PL","potentialAction":[{"@type":"ReadAction","target":["https:\/\/www.pczbielsko.pl\/pl\/kontakt\/"]}]},{"@type":"BreadcrumbList","@id":"https:\/\/www.pczbielsko.pl\/pl\/kontakt\/#breadcrumb","itemListElement":[{"@type":"ListItem","position":1,"name":"Strona g\u0142\u00f3wna","item":"https:\/\/www.pczbielsko.pl\/pl\/"},{"@type":"ListItem","position":2,"name":"Kontakt"}]},{"@type":"WebSite","@id":"https:\/\/www.pczbielsko.pl\/pl\/#website","url":"https:\/\/www.pczbielsko.pl\/pl\/","name":"Pediatryczne Centrum Zabiegowe - Bielsko-Bia\u0142a","description":"Pediatryczne Centrum Zabiegowe z Bielska-Bia\u0142ej prowadzi swoj\u0105 dzia\u0142alno\u015b\u0107 od 1998 roku.","publisher":{"@id":"https:\/\/www.pczbielsko.pl\/pl\/#organization"},"potentialAction":[{"@type":"SearchAction","target":{"@type":"EntryPoint","urlTemplate":"https:\/\/www.pczbielsko.pl\/pl\/?s={search_term_string}"},"query-input":{"@type":"PropertyValueSpecification","valueRequired":true,"valueName":"search_term_string"}}],"inLanguage":"pl-PL"},{"@type":"Organization","@id":"https:\/\/www.pczbielsko.pl\/pl\/#organization","name":"Pediatryczne Centrum Zabiegowe Bielsko-Bia\u0142a","url":"https:\/\/www.pczbielsko.pl\/pl\/","logo":{"@type":"ImageObject","inLanguage":"pl-PL","@id":"https:\/\/www.pczbielsko.pl\/pl\/#\/schema\/logo\/image\/","url":"http:\/\/www.pczbielsko.pl\/pl\/wp-content\/uploads\/2018\/09\/pcz-logo2.png","contentUrl":"http:\/\/www.pczbielsko.pl\/pl\/wp-content\/uploads\/2018\/09\/pcz-logo2.png","width":210,"height":104,"caption":"Pediatryczne Centrum Zabiegowe Bielsko-Bia\u0142a"},"image":{"@id":"https:\/\/www.pczbielsko.pl\/pl\/#\/schema\/logo\/image\/"},"sameAs":["https:\/\/www.facebook.com\/Pediatryczne-Centrum-Zabiegowe-289715897748382\/"]}]}},"uagb_featured_image_src":{"full":false,"thumbnail":false,"medium":false,"medium_large":false,"large":false,"1536x1536":false,"2048x2048":false,"homeNews":false},"uagb_author_info":{"display_name":"labre","author_link":"https:\/\/www.pczbielsko.pl\/pl\/author\/labre\/"},"uagb_comment_info":1,"uagb_excerpt":"Pediatryczne Centrum Zabiegowe ul. Cyniarska 24 , 43-300 Bielsko-Bia\u0142a Godziny otwarcia:Pn-Pt. 8:00 &#8211; 18:00 Rejestracja:tel: [&hellip;]","_links":{"self":[{"href":"https:\/\/www.pczbielsko.pl\/pl\/wp-json\/wp\/v2\/pages\/6","targetHints":{"allow":["GET"]}}],"collection":[{"href":"https:\/\/www.pczbielsko.pl\/pl\/wp-json\/wp\/v2\/pages"}],"about":[{"href":"https:\/\/www.pczbielsko.pl\/pl\/wp-json\/wp\/v2\/types\/page"}],"author":[{"embeddable":true,"href":"https:\/\/www.pczbielsko.pl\/pl\/wp-json\/wp\/v2\/users\/1"}],"replies":[{"embeddable":true,"href":"https:\/\/www.pczbielsko.pl\/pl\/wp-json\/wp\/v2\/comments?post=6"}],"version-history":[{"count":62,"href":"https:\/\/www.pczbielsko.pl\/pl\/wp-json\/wp\/v2\/pages\/6\/revisions"}],"predecessor-version":[{"id":963,"href":"https:\/\/www.pczbielsko.pl\/pl\/wp-json\/wp\/v2\/pages\/6\/revisions\/963"}],"wp:attachment":[{"href":"https:\/\/www.pczbielsko.pl\/pl\/wp-json\/wp\/v2\/media?parent=6"}],"curies":[{"name":"wp","href":"https:\/\/api.w.org\/{rel}","templated":true}]}}