{"id":514,"date":"2019-10-15T10:58:26","date_gmt":"2019-10-15T08:58:26","guid":{"rendered":"http:\/\/www.pczbielsko.pl\/pl\/?page_id=514"},"modified":"2022-06-20T16:19:25","modified_gmt":"2022-06-20T14:19:25","slug":"cennik-rehabilitacji","status":"publish","type":"page","link":"https:\/\/www.pczbielsko.pl\/pl\/cennik-rehabilitacji\/","title":{"rendered":"Cennik rehabilitacji"},"content":{"rendered":"\n<p><strong>REHABILITACJA NIEMOWL\u0104T I MA\u0141YCH DZIECI METOD\u0104 NDT BOBATH mgr Jolanta Balon<\/strong><\/p>\n<p><br \/><strong>Wizyta &#8211; 190 z\u0142<br \/><\/strong><\/p>\n","protected":false},"excerpt":{"rendered":"","protected":false},"author":1,"featured_media":0,"parent":0,"menu_order":0,"comment_status":"closed","ping_status":"closed","template":"","meta":{"_uag_custom_page_level_css":"","footnotes":""},"class_list":["post-514","page","type-page","status-publish","hentry"],"yoast_head":"<!-- This site is optimized with the Yoast SEO plugin v26.0 - https:\/\/yoast.com\/wordpress\/plugins\/seo\/ -->\n<title>Cennik rehabilitacji - Pediatryczne Centrum Zabiegowe - Bielsko-Bia\u0142a<\/title>\n<meta name=\"robots\" content=\"index, follow, max-snippet:-1, max-image-preview:large, max-video-preview:-1\" \/>\n<link rel=\"canonical\" href=\"https:\/\/www.pczbielsko.pl\/pl\/cennik-rehabilitacji\/\" \/>\n<meta property=\"og:locale\" content=\"pl_PL\" \/>\n<meta property=\"og:type\" content=\"article\" \/>\n<meta property=\"og:title\" content=\"Cennik rehabilitacji - Pediatryczne Centrum Zabiegowe - Bielsko-Bia\u0142a\" \/>\n<meta property=\"og:url\" content=\"https:\/\/www.pczbielsko.pl\/pl\/cennik-rehabilitacji\/\" \/>\n<meta property=\"og:site_name\" content=\"Pediatryczne Centrum Zabiegowe - Bielsko-Bia\u0142a\" \/>\n<meta property=\"article:publisher\" content=\"https:\/\/www.facebook.com\/Pediatryczne-Centrum-Zabiegowe-289715897748382\/\" \/>\n<meta property=\"article:modified_time\" content=\"2022-06-20T14:19:25+00:00\" \/>\n<meta name=\"twitter:label1\" content=\"Szacowany czas czytania\" \/>\n\t<meta name=\"twitter:data1\" content=\"1 minuta\" \/>\n<script type=\"application\/ld+json\" class=\"yoast-schema-graph\">{\"@context\":\"https:\/\/schema.org\",\"@graph\":[{\"@type\":\"WebPage\",\"@id\":\"https:\/\/www.pczbielsko.pl\/pl\/cennik-rehabilitacji\/\",\"url\":\"https:\/\/www.pczbielsko.pl\/pl\/cennik-rehabilitacji\/\",\"name\":\"Cennik rehabilitacji - Pediatryczne Centrum Zabiegowe - Bielsko-Bia\u0142a\",\"isPartOf\":{\"@id\":\"https:\/\/www.pczbielsko.pl\/pl\/#website\"},\"datePublished\":\"2019-10-15T08:58:26+00:00\",\"dateModified\":\"2022-06-20T14:19:25+00:00\",\"breadcrumb\":{\"@id\":\"https:\/\/www.pczbielsko.pl\/pl\/cennik-rehabilitacji\/#breadcrumb\"},\"inLanguage\":\"pl-PL\",\"potentialAction\":[{\"@type\":\"ReadAction\",\"target\":[\"https:\/\/www.pczbielsko.pl\/pl\/cennik-rehabilitacji\/\"]}]},{\"@type\":\"BreadcrumbList\",\"@id\":\"https:\/\/www.pczbielsko.pl\/pl\/cennik-rehabilitacji\/#breadcrumb\",\"itemListElement\":[{\"@type\":\"ListItem\",\"position\":1,\"name\":\"Strona g\u0142\u00f3wna\",\"item\":\"https:\/\/www.pczbielsko.pl\/pl\/\"},{\"@type\":\"ListItem\",\"position\":2,\"name\":\"Cennik rehabilitacji\"}]},{\"@type\":\"WebSite\",\"@id\":\"https:\/\/www.pczbielsko.pl\/pl\/#website\",\"url\":\"https:\/\/www.pczbielsko.pl\/pl\/\",\"name\":\"Pediatryczne Centrum Zabiegowe - Bielsko-Bia\u0142a\",\"description\":\"Pediatryczne Centrum Zabiegowe z Bielska-Bia\u0142ej prowadzi swoj\u0105 dzia\u0142alno\u015b\u0107 od 1998 roku.\",\"publisher\":{\"@id\":\"https:\/\/www.pczbielsko.pl\/pl\/#organization\"},\"potentialAction\":[{\"@type\":\"SearchAction\",\"target\":{\"@type\":\"EntryPoint\",\"urlTemplate\":\"https:\/\/www.pczbielsko.pl\/pl\/?s={search_term_string}\"},\"query-input\":{\"@type\":\"PropertyValueSpecification\",\"valueRequired\":true,\"valueName\":\"search_term_string\"}}],\"inLanguage\":\"pl-PL\"},{\"@type\":\"Organization\",\"@id\":\"https:\/\/www.pczbielsko.pl\/pl\/#organization\",\"name\":\"Pediatryczne Centrum Zabiegowe Bielsko-Bia\u0142a\",\"url\":\"https:\/\/www.pczbielsko.pl\/pl\/\",\"logo\":{\"@type\":\"ImageObject\",\"inLanguage\":\"pl-PL\",\"@id\":\"https:\/\/www.pczbielsko.pl\/pl\/#\/schema\/logo\/image\/\",\"url\":\"http:\/\/www.pczbielsko.pl\/pl\/wp-content\/uploads\/2018\/09\/pcz-logo2.png\",\"contentUrl\":\"http:\/\/www.pczbielsko.pl\/pl\/wp-content\/uploads\/2018\/09\/pcz-logo2.png\",\"width\":210,\"height\":104,\"caption\":\"Pediatryczne Centrum Zabiegowe Bielsko-Bia\u0142a\"},\"image\":{\"@id\":\"https:\/\/www.pczbielsko.pl\/pl\/#\/schema\/logo\/image\/\"},\"sameAs\":[\"https:\/\/www.facebook.com\/Pediatryczne-Centrum-Zabiegowe-289715897748382\/\"]}]}<\/script>\n<!-- \/ Yoast SEO plugin. -->","yoast_head_json":{"title":"Cennik rehabilitacji - Pediatryczne Centrum Zabiegowe - Bielsko-Bia\u0142a","robots":{"index":"index","follow":"follow","max-snippet":"max-snippet:-1","max-image-preview":"max-image-preview:large","max-video-preview":"max-video-preview:-1"},"canonical":"https:\/\/www.pczbielsko.pl\/pl\/cennik-rehabilitacji\/","og_locale":"pl_PL","og_type":"article","og_title":"Cennik rehabilitacji - Pediatryczne Centrum Zabiegowe - Bielsko-Bia\u0142a","og_url":"https:\/\/www.pczbielsko.pl\/pl\/cennik-rehabilitacji\/","og_site_name":"Pediatryczne Centrum Zabiegowe - Bielsko-Bia\u0142a","article_publisher":"https:\/\/www.facebook.com\/Pediatryczne-Centrum-Zabiegowe-289715897748382\/","article_modified_time":"2022-06-20T14:19:25+00:00","twitter_misc":{"Szacowany czas czytania":"1 minuta"},"schema":{"@context":"https:\/\/schema.org","@graph":[{"@type":"WebPage","@id":"https:\/\/www.pczbielsko.pl\/pl\/cennik-rehabilitacji\/","url":"https:\/\/www.pczbielsko.pl\/pl\/cennik-rehabilitacji\/","name":"Cennik rehabilitacji - Pediatryczne Centrum Zabiegowe - Bielsko-Bia\u0142a","isPartOf":{"@id":"https:\/\/www.pczbielsko.pl\/pl\/#website"},"datePublished":"2019-10-15T08:58:26+00:00","dateModified":"2022-06-20T14:19:25+00:00","breadcrumb":{"@id":"https:\/\/www.pczbielsko.pl\/pl\/cennik-rehabilitacji\/#breadcrumb"},"inLanguage":"pl-PL","potentialAction":[{"@type":"ReadAction","target":["https:\/\/www.pczbielsko.pl\/pl\/cennik-rehabilitacji\/"]}]},{"@type":"BreadcrumbList","@id":"https:\/\/www.pczbielsko.pl\/pl\/cennik-rehabilitacji\/#breadcrumb","itemListElement":[{"@type":"ListItem","position":1,"name":"Strona g\u0142\u00f3wna","item":"https:\/\/www.pczbielsko.pl\/pl\/"},{"@type":"ListItem","position":2,"name":"Cennik rehabilitacji"}]},{"@type":"WebSite","@id":"https:\/\/www.pczbielsko.pl\/pl\/#website","url":"https:\/\/www.pczbielsko.pl\/pl\/","name":"Pediatryczne Centrum Zabiegowe - Bielsko-Bia\u0142a","description":"Pediatryczne Centrum Zabiegowe z Bielska-Bia\u0142ej prowadzi swoj\u0105 dzia\u0142alno\u015b\u0107 od 1998 roku.","publisher":{"@id":"https:\/\/www.pczbielsko.pl\/pl\/#organization"},"potentialAction":[{"@type":"SearchAction","target":{"@type":"EntryPoint","urlTemplate":"https:\/\/www.pczbielsko.pl\/pl\/?s={search_term_string}"},"query-input":{"@type":"PropertyValueSpecification","valueRequired":true,"valueName":"search_term_string"}}],"inLanguage":"pl-PL"},{"@type":"Organization","@id":"https:\/\/www.pczbielsko.pl\/pl\/#organization","name":"Pediatryczne Centrum Zabiegowe Bielsko-Bia\u0142a","url":"https:\/\/www.pczbielsko.pl\/pl\/","logo":{"@type":"ImageObject","inLanguage":"pl-PL","@id":"https:\/\/www.pczbielsko.pl\/pl\/#\/schema\/logo\/image\/","url":"http:\/\/www.pczbielsko.pl\/pl\/wp-content\/uploads\/2018\/09\/pcz-logo2.png","contentUrl":"http:\/\/www.pczbielsko.pl\/pl\/wp-content\/uploads\/2018\/09\/pcz-logo2.png","width":210,"height":104,"caption":"Pediatryczne Centrum Zabiegowe Bielsko-Bia\u0142a"},"image":{"@id":"https:\/\/www.pczbielsko.pl\/pl\/#\/schema\/logo\/image\/"},"sameAs":["https:\/\/www.facebook.com\/Pediatryczne-Centrum-Zabiegowe-289715897748382\/"]}]}},"uagb_featured_image_src":{"full":false,"thumbnail":false,"medium":false,"medium_large":false,"large":false,"1536x1536":false,"2048x2048":false,"homeNews":false},"uagb_author_info":{"display_name":"labre","author_link":"https:\/\/www.pczbielsko.pl\/pl\/author\/labre\/"},"uagb_comment_info":0,"uagb_excerpt":null,"_links":{"self":[{"href":"https:\/\/www.pczbielsko.pl\/pl\/wp-json\/wp\/v2\/pages\/514","targetHints":{"allow":["GET"]}}],"collection":[{"href":"https:\/\/www.pczbielsko.pl\/pl\/wp-json\/wp\/v2\/pages"}],"about":[{"href":"https:\/\/www.pczbielsko.pl\/pl\/wp-json\/wp\/v2\/types\/page"}],"author":[{"embeddable":true,"href":"https:\/\/www.pczbielsko.pl\/pl\/wp-json\/wp\/v2\/users\/1"}],"replies":[{"embeddable":true,"href":"https:\/\/www.pczbielsko.pl\/pl\/wp-json\/wp\/v2\/comments?post=514"}],"version-history":[{"count":7,"href":"https:\/\/www.pczbielsko.pl\/pl\/wp-json\/wp\/v2\/pages\/514\/revisions"}],"predecessor-version":[{"id":602,"href":"https:\/\/www.pczbielsko.pl\/pl\/wp-json\/wp\/v2\/pages\/514\/revisions\/602"}],"wp:attachment":[{"href":"https:\/\/www.pczbielsko.pl\/pl\/wp-json\/wp\/v2\/media?parent=514"}],"curies":[{"name":"wp","href":"https:\/\/api.w.org\/{rel}","templated":true}]}}