{"id":430,"date":"2018-09-06T13:23:31","date_gmt":"2018-09-06T11:23:31","guid":{"rendered":"http:\/\/www.pczbielsko.pl\/pl\/?page_id=430"},"modified":"2022-12-13T18:23:37","modified_gmt":"2022-12-13T17:23:37","slug":"rejestracja","status":"publish","type":"page","link":"https:\/\/www.pczbielsko.pl\/pl\/rejestracja\/","title":{"rendered":"Rejestracja"},"content":{"rendered":"<div class=\"col-md-3 rejbox\"><a class=\"rejonline\" href=\"https:\/\/83.15.100.181:8888\" target=\"_blank\" rel=\"noopener\">E-REJESTRACJA ONLINE<\/a><\/div>\n<div class=\"formboxbig\">\n<h2>REJESTRACJA za pomoc\u0105 formularza<\/h2>\n<p>Istnieje mo\u017cliwo\u015b\u0107 rejestracji poprzez poni\u017cszy formularz. Prosimy o podanie wymaganych danych osobowych.<\/p>\n<p><strong>Skontaktujemy si\u0119 w ci\u0105gu 24 godzin i dokonamy rezerwacji terminu.<\/strong><\/p>\n\n<div class=\"wpcf7 no-js\" id=\"wpcf7-f435-o1\" lang=\"pl-PL\" dir=\"ltr\" data-wpcf7-id=\"435\">\n<div class=\"screen-reader-response\"><p role=\"status\" aria-live=\"polite\" aria-atomic=\"true\"><\/p> <ul><\/ul><\/div>\n<form action=\"\/pl\/wp-json\/wp\/v2\/pages\/430#wpcf7-f435-o1\" method=\"post\" class=\"wpcf7-form init\" aria-label=\"Formularz kontaktowy\" novalidate=\"novalidate\" data-status=\"init\">\n<fieldset class=\"hidden-fields-container\"><input type=\"hidden\" name=\"_wpcf7\" value=\"435\" \/><input type=\"hidden\" name=\"_wpcf7_version\" value=\"6.1.1\" \/><input type=\"hidden\" name=\"_wpcf7_locale\" value=\"pl_PL\" \/><input type=\"hidden\" name=\"_wpcf7_unit_tag\" value=\"wpcf7-f435-o1\" \/><input type=\"hidden\" name=\"_wpcf7_container_post\" value=\"0\" \/><input type=\"hidden\" name=\"_wpcf7_posted_data_hash\" value=\"\" \/><input type=\"hidden\" name=\"_wpcf7_recaptcha_response\" value=\"\" \/>\n<\/fieldset>\n<p><label> Imi\u0119 i nazwisko* (wymagane)<br \/>\n<span class=\"wpcf7-form-control-wrap\" data-name=\"your-name\"><input size=\"40\" maxlength=\"400\" class=\"wpcf7-form-control wpcf7-text wpcf7-validates-as-required\" aria-required=\"true\" aria-invalid=\"false\" value=\"\" type=\"text\" name=\"your-name\" \/><\/span> <\/label>\n<\/p>\n<p><label> Adres email* (wymagane)<br \/>\n<span class=\"wpcf7-form-control-wrap\" data-name=\"your-email\"><input size=\"40\" maxlength=\"400\" class=\"wpcf7-form-control wpcf7-email wpcf7-validates-as-required wpcf7-text wpcf7-validates-as-email\" aria-required=\"true\" aria-invalid=\"false\" value=\"\" type=\"email\" name=\"your-email\" \/><\/span> <\/label>\n<\/p>\n<p><label> Pesel*<br \/>\n<span class=\"wpcf7-form-control-wrap\" data-name=\"pesel\"><input size=\"40\" maxlength=\"400\" class=\"wpcf7-form-control wpcf7-text wpcf7-validates-as-required\" aria-required=\"true\" aria-invalid=\"false\" value=\"\" type=\"text\" name=\"pesel\" \/><\/span> <\/label>\n<\/p>\n<p><label> Telefon*<br \/>\n<span class=\"wpcf7-form-control-wrap\" data-name=\"tel-781\"><input size=\"40\" maxlength=\"400\" class=\"wpcf7-form-control wpcf7-tel wpcf7-validates-as-required wpcf7-text wpcf7-validates-as-tel\" aria-required=\"true\" aria-invalid=\"false\" value=\"\" type=\"tel\" name=\"tel-781\" \/><\/span><\/label>\n<\/p>\n<p><label>Poradnia (opcjonalnie)<\/label>\n<\/p>\n<p><span class=\"wpcf7-form-control-wrap\" data-name=\"menu-55\"><select class=\"wpcf7-form-control wpcf7-select\" aria-invalid=\"false\" name=\"menu-55\"><option value=\"Otolaryngologia dzieci\">Otolaryngologia dzieci<\/option><option value=\"Poradnia stomatologiczna dla dzieci\">Poradnia stomatologiczna dla dzieci<\/option><option value=\"Poradnia stomatologiczna dla doros\u0142ych\">Poradnia stomatologiczna dla doros\u0142ych<\/option><option value=\"Poradnia preluksacyjna (USG bioderek)\">Poradnia preluksacyjna (USG bioderek)<\/option><option value=\"Logopedia\">Logopedia<\/option><option value=\"Oddzia\u0142 laryngologii dzieci\u0119cej\">Oddzia\u0142 laryngologii dzieci\u0119cej<\/option><option value=\"Oddzia\u0142 chirurgii r\u0119ki\">Oddzia\u0142 chirurgii r\u0119ki<\/option><option value=\"Stomatologia\">Stomatologia<\/option><option value=\"Hematologia i onkologia\">Hematologia i onkologia<\/option><option value=\"Kardiologia dzieci\">Kardiologia dzieci<\/option><option value=\"Poradnia psychologiczna dla dzieci\">Poradnia psychologiczna dla dzieci<\/option><option value=\"Poradnia urologiczna\">Poradnia urologiczna<\/option><option value=\"Kardiologia\">Kardiologia<\/option><option value=\"Poradnia chirurgii r\u0119ki\">Poradnia chirurgii r\u0119ki<\/option><option value=\"Laryngologia\">Laryngologia<\/option><option value=\"Pracownie USG\">Pracownie USG<\/option><\/select><\/span>\n<\/p>\n<p><label>Lekarz (opcjonalnie)<\/label>\n<\/p>\n<p><span class=\"wpcf7-form-control-wrap\" data-name=\"menu-934\"><select class=\"wpcf7-form-control wpcf7-select\" aria-invalid=\"false\" name=\"menu-934\"><option value=\"lek. med. W. Janusz\">lek. med. W. Janusz<\/option><option value=\"dr n. med. L. Nycz\">dr n. med. L. Nycz<\/option><option value=\"lek. med. E. G\u0105sierkiewicz-Sadlik\">lek. med. E. G\u0105sierkiewicz-Sadlik<\/option><option value=\"mgr Magdalena Gwinner\">mgr Magdalena Gwinner<\/option><option value=\"mgr Marta Bogacz-Jakubiec\">mgr Marta Bogacz-Jakubiec<\/option><option value=\"mgr Barbara Pasowicz\">mgr Barbara Pasowicz<\/option><option value=\"lek. med. B. Papla\">lek. med. B. Papla<\/option><option value=\"lek. med. A. Papla\">lek. med. A. Papla<\/option><option value=\"lek. med. W. Szcze\u015bniak\">lek. med. W. Szcze\u015bniak<\/option><option value=\"lek. med. G. Martini-Kami\u0144ska\">lek. med. G. Martini-Kami\u0144ska<\/option><option value=\"lek. med. J. Kaczmarczyk\">lek. med. J. Kaczmarczyk<\/option><option value=\"lek. med. M. Har\u0119\u017clak\">lek. med. M. Har\u0119\u017clak<\/option><option value=\"lek. med. B. Zapart\">lek. med. B. Zapart<\/option><option value=\"dr n. med. W. Utrata\">dr n. med. W. Utrata<\/option><option value=\"dr n. med. A. Mizia-Malarz\">dr n. med. A. Mizia-Malarz<\/option><option value=\"lek. med. R. Bieszczanin\">lek. med. R. Bieszczanin<\/option><option value=\"lek. stom. A. Babicz-Grzybowska\">lek. stom. A. Babicz-Grzybowska<\/option><option value=\"lek. stom. D. Wyciszczak\">lek. stom. D. Wyciszczak<\/option><option value=\"lek. stom. B. Pawlus\">lek. stom. B. Pawlus<\/option><option value=\"lek.med J. Jak\u00f3bowska\">lek.med J. Jak\u00f3bowska<\/option><option value=\"lek.med A. Jaworowski\">lek.med A. Jaworowski<\/option><\/select><\/span>\n<\/p>\n<p><span class=\"wpcf7-form-control-wrap\" data-name=\"acceptance-730\"><span class=\"wpcf7-form-control wpcf7-acceptance\"><span class=\"wpcf7-list-item\"><label><input type=\"checkbox\" name=\"acceptance-730\" value=\"1\" aria-invalid=\"false\" \/><span class=\"wpcf7-list-item-label\">Wyra\u017cam zgod\u0119 na przetwarzanie moich danych osobowych podanych w powy\u017cszym formularzu, w celu rejestracji online, przez Pediatryczne Centrum Zabiegowe - M. M. Gwinner Sp\u00f3\u0142ka Jawna z siedzib\u0105 w Bielsku Bia\u0142ej, ul Cyniarska 24 oraz o\u015bwiadczam, ze zapozna\u0142em\/am si\u0119 z Informacj\u0105 w sprawie przetwarzania danych osobowych.<\/span><\/label><\/span><\/span><\/span>\n<\/p>\n<p><span class=\"wpcf7-form-control-wrap\" data-name=\"acceptance-791\"><span class=\"wpcf7-form-control wpcf7-acceptance\"><span class=\"wpcf7-list-item\"><label><input type=\"checkbox\" name=\"acceptance-791\" value=\"1\" aria-invalid=\"false\" \/><span class=\"wpcf7-list-item-label\">Wyra\u017cam zgod\u0119 na przetwarzanie moich danych osobowych zgodnie z art. 13 ust. 1 i ust. 2 og\u00f3lnego rozporz\u0105dzenia o ochronie danych osobowych z dnia 27 kwietnia 2016 r. przez  Pediatryczne Centrum Zabiegowe, ul. Cyniarska 24 , 43-300 Bielsko-Bia\u0142a kt\u00f3ry jest Administratorem danych. Podanie danych osobowych wymagane jest w celu rejestracji na lekarsk\u0105 porad\u0119 specjalistyczn\u0105. Posiada Pani\/Pan prawo dost\u0119pu do tre\u015bci swoich danych oraz prawo ich sprostowania, usuni\u0119cia, ograniczenia przetwarzania, prawo sprzeciwu. Ma Pan\/Pani prawo wniesienia skargi do GIODO, gdy uzna Pani\/Pan, i\u017c przetwarzanie danych osobowych Pani\/Pana dotycz\u0105cych narusza przepisy og\u00f3lnego rozporz\u0105dzenia o ochronie danych osobowych z dnia 27 kwietnia 2016 r. Dane osobowe zostan\u0105 usuni\u0119te w terminie 14 dni od podania danych. Dane nie b\u0119d\u0105 udost\u0119pniane. Kontakt do Inspektora Ochrony Danych Osobowych: inspektor@pczbielsko.pl<\/span><\/label><\/span><\/span><\/span>\n<\/p>\n<p><label>* pola wymagane<\/label>\n<\/p>\n<p><input class=\"wpcf7-form-control wpcf7-submit has-spinner\" type=\"submit\" value=\"Wy\u015blij\" \/>\n<\/p><div class=\"wpcf7-response-output\" aria-hidden=\"true\"><\/div>\n<\/form>\n<\/div>\n\n<\/div>\n","protected":false},"excerpt":{"rendered":"<p>E-REJESTRACJA ONLINE REJESTRACJA za pomoc\u0105 formularza Istnieje mo\u017cliwo\u015b\u0107 rejestracji poprzez poni\u017cszy formularz. Prosimy o podanie [&hellip;]<\/p>\n","protected":false},"author":1,"featured_media":0,"parent":0,"menu_order":0,"comment_status":"open","ping_status":"open","template":"","meta":{"_uag_custom_page_level_css":"","footnotes":""},"class_list":["post-430","page","type-page","status-publish","hentry"],"yoast_head":"<!-- This site is optimized with the Yoast SEO plugin v26.0 - https:\/\/yoast.com\/wordpress\/plugins\/seo\/ -->\n<title>Rejestracja - Pediatryczne Centrum Zabiegowe - Bielsko-Bia\u0142a<\/title>\n<meta name=\"robots\" content=\"index, follow, max-snippet:-1, max-image-preview:large, max-video-preview:-1\" \/>\n<link rel=\"canonical\" href=\"https:\/\/www.pczbielsko.pl\/pl\/rejestracja\/\" \/>\n<meta property=\"og:locale\" content=\"pl_PL\" \/>\n<meta property=\"og:type\" content=\"article\" \/>\n<meta property=\"og:title\" content=\"Rejestracja - Pediatryczne Centrum Zabiegowe - Bielsko-Bia\u0142a\" \/>\n<meta property=\"og:description\" content=\"E-REJESTRACJA ONLINE REJESTRACJA za pomoc\u0105 formularza Istnieje mo\u017cliwo\u015b\u0107 rejestracji poprzez poni\u017cszy formularz. Prosimy o podanie [&hellip;]\" \/>\n<meta property=\"og:url\" content=\"https:\/\/www.pczbielsko.pl\/pl\/rejestracja\/\" \/>\n<meta property=\"og:site_name\" content=\"Pediatryczne Centrum Zabiegowe - Bielsko-Bia\u0142a\" \/>\n<meta property=\"article:publisher\" content=\"https:\/\/www.facebook.com\/Pediatryczne-Centrum-Zabiegowe-289715897748382\/\" \/>\n<meta property=\"article:modified_time\" content=\"2022-12-13T17:23:37+00:00\" \/>\n<meta name=\"twitter:label1\" content=\"Szacowany czas czytania\" \/>\n\t<meta name=\"twitter:data1\" content=\"1 minuta\" \/>\n<script type=\"application\/ld+json\" class=\"yoast-schema-graph\">{\"@context\":\"https:\/\/schema.org\",\"@graph\":[{\"@type\":\"WebPage\",\"@id\":\"https:\/\/www.pczbielsko.pl\/pl\/rejestracja\/\",\"url\":\"https:\/\/www.pczbielsko.pl\/pl\/rejestracja\/\",\"name\":\"Rejestracja - Pediatryczne Centrum Zabiegowe - Bielsko-Bia\u0142a\",\"isPartOf\":{\"@id\":\"https:\/\/www.pczbielsko.pl\/pl\/#website\"},\"datePublished\":\"2018-09-06T11:23:31+00:00\",\"dateModified\":\"2022-12-13T17:23:37+00:00\",\"breadcrumb\":{\"@id\":\"https:\/\/www.pczbielsko.pl\/pl\/rejestracja\/#breadcrumb\"},\"inLanguage\":\"pl-PL\",\"potentialAction\":[{\"@type\":\"ReadAction\",\"target\":[\"https:\/\/www.pczbielsko.pl\/pl\/rejestracja\/\"]}]},{\"@type\":\"BreadcrumbList\",\"@id\":\"https:\/\/www.pczbielsko.pl\/pl\/rejestracja\/#breadcrumb\",\"itemListElement\":[{\"@type\":\"ListItem\",\"position\":1,\"name\":\"Strona g\u0142\u00f3wna\",\"item\":\"https:\/\/www.pczbielsko.pl\/pl\/\"},{\"@type\":\"ListItem\",\"position\":2,\"name\":\"Rejestracja\"}]},{\"@type\":\"WebSite\",\"@id\":\"https:\/\/www.pczbielsko.pl\/pl\/#website\",\"url\":\"https:\/\/www.pczbielsko.pl\/pl\/\",\"name\":\"Pediatryczne Centrum Zabiegowe - Bielsko-Bia\u0142a\",\"description\":\"Pediatryczne Centrum Zabiegowe z Bielska-Bia\u0142ej prowadzi swoj\u0105 dzia\u0142alno\u015b\u0107 od 1998 roku.\",\"publisher\":{\"@id\":\"https:\/\/www.pczbielsko.pl\/pl\/#organization\"},\"potentialAction\":[{\"@type\":\"SearchAction\",\"target\":{\"@type\":\"EntryPoint\",\"urlTemplate\":\"https:\/\/www.pczbielsko.pl\/pl\/?s={search_term_string}\"},\"query-input\":{\"@type\":\"PropertyValueSpecification\",\"valueRequired\":true,\"valueName\":\"search_term_string\"}}],\"inLanguage\":\"pl-PL\"},{\"@type\":\"Organization\",\"@id\":\"https:\/\/www.pczbielsko.pl\/pl\/#organization\",\"name\":\"Pediatryczne Centrum Zabiegowe Bielsko-Bia\u0142a\",\"url\":\"https:\/\/www.pczbielsko.pl\/pl\/\",\"logo\":{\"@type\":\"ImageObject\",\"inLanguage\":\"pl-PL\",\"@id\":\"https:\/\/www.pczbielsko.pl\/pl\/#\/schema\/logo\/image\/\",\"url\":\"http:\/\/www.pczbielsko.pl\/pl\/wp-content\/uploads\/2018\/09\/pcz-logo2.png\",\"contentUrl\":\"http:\/\/www.pczbielsko.pl\/pl\/wp-content\/uploads\/2018\/09\/pcz-logo2.png\",\"width\":210,\"height\":104,\"caption\":\"Pediatryczne Centrum Zabiegowe Bielsko-Bia\u0142a\"},\"image\":{\"@id\":\"https:\/\/www.pczbielsko.pl\/pl\/#\/schema\/logo\/image\/\"},\"sameAs\":[\"https:\/\/www.facebook.com\/Pediatryczne-Centrum-Zabiegowe-289715897748382\/\"]}]}<\/script>\n<!-- \/ Yoast SEO plugin. -->","yoast_head_json":{"title":"Rejestracja - Pediatryczne Centrum Zabiegowe - Bielsko-Bia\u0142a","robots":{"index":"index","follow":"follow","max-snippet":"max-snippet:-1","max-image-preview":"max-image-preview:large","max-video-preview":"max-video-preview:-1"},"canonical":"https:\/\/www.pczbielsko.pl\/pl\/rejestracja\/","og_locale":"pl_PL","og_type":"article","og_title":"Rejestracja - Pediatryczne Centrum Zabiegowe - Bielsko-Bia\u0142a","og_description":"E-REJESTRACJA ONLINE REJESTRACJA za pomoc\u0105 formularza Istnieje mo\u017cliwo\u015b\u0107 rejestracji poprzez poni\u017cszy formularz. Prosimy o podanie [&hellip;]","og_url":"https:\/\/www.pczbielsko.pl\/pl\/rejestracja\/","og_site_name":"Pediatryczne Centrum Zabiegowe - Bielsko-Bia\u0142a","article_publisher":"https:\/\/www.facebook.com\/Pediatryczne-Centrum-Zabiegowe-289715897748382\/","article_modified_time":"2022-12-13T17:23:37+00:00","twitter_misc":{"Szacowany czas czytania":"1 minuta"},"schema":{"@context":"https:\/\/schema.org","@graph":[{"@type":"WebPage","@id":"https:\/\/www.pczbielsko.pl\/pl\/rejestracja\/","url":"https:\/\/www.pczbielsko.pl\/pl\/rejestracja\/","name":"Rejestracja - Pediatryczne Centrum Zabiegowe - Bielsko-Bia\u0142a","isPartOf":{"@id":"https:\/\/www.pczbielsko.pl\/pl\/#website"},"datePublished":"2018-09-06T11:23:31+00:00","dateModified":"2022-12-13T17:23:37+00:00","breadcrumb":{"@id":"https:\/\/www.pczbielsko.pl\/pl\/rejestracja\/#breadcrumb"},"inLanguage":"pl-PL","potentialAction":[{"@type":"ReadAction","target":["https:\/\/www.pczbielsko.pl\/pl\/rejestracja\/"]}]},{"@type":"BreadcrumbList","@id":"https:\/\/www.pczbielsko.pl\/pl\/rejestracja\/#breadcrumb","itemListElement":[{"@type":"ListItem","position":1,"name":"Strona g\u0142\u00f3wna","item":"https:\/\/www.pczbielsko.pl\/pl\/"},{"@type":"ListItem","position":2,"name":"Rejestracja"}]},{"@type":"WebSite","@id":"https:\/\/www.pczbielsko.pl\/pl\/#website","url":"https:\/\/www.pczbielsko.pl\/pl\/","name":"Pediatryczne Centrum Zabiegowe - Bielsko-Bia\u0142a","description":"Pediatryczne Centrum Zabiegowe z Bielska-Bia\u0142ej prowadzi swoj\u0105 dzia\u0142alno\u015b\u0107 od 1998 roku.","publisher":{"@id":"https:\/\/www.pczbielsko.pl\/pl\/#organization"},"potentialAction":[{"@type":"SearchAction","target":{"@type":"EntryPoint","urlTemplate":"https:\/\/www.pczbielsko.pl\/pl\/?s={search_term_string}"},"query-input":{"@type":"PropertyValueSpecification","valueRequired":true,"valueName":"search_term_string"}}],"inLanguage":"pl-PL"},{"@type":"Organization","@id":"https:\/\/www.pczbielsko.pl\/pl\/#organization","name":"Pediatryczne Centrum Zabiegowe Bielsko-Bia\u0142a","url":"https:\/\/www.pczbielsko.pl\/pl\/","logo":{"@type":"ImageObject","inLanguage":"pl-PL","@id":"https:\/\/www.pczbielsko.pl\/pl\/#\/schema\/logo\/image\/","url":"http:\/\/www.pczbielsko.pl\/pl\/wp-content\/uploads\/2018\/09\/pcz-logo2.png","contentUrl":"http:\/\/www.pczbielsko.pl\/pl\/wp-content\/uploads\/2018\/09\/pcz-logo2.png","width":210,"height":104,"caption":"Pediatryczne Centrum Zabiegowe Bielsko-Bia\u0142a"},"image":{"@id":"https:\/\/www.pczbielsko.pl\/pl\/#\/schema\/logo\/image\/"},"sameAs":["https:\/\/www.facebook.com\/Pediatryczne-Centrum-Zabiegowe-289715897748382\/"]}]}},"uagb_featured_image_src":{"full":false,"thumbnail":false,"medium":false,"medium_large":false,"large":false,"1536x1536":false,"2048x2048":false,"homeNews":false},"uagb_author_info":{"display_name":"labre","author_link":"https:\/\/www.pczbielsko.pl\/pl\/author\/labre\/"},"uagb_comment_info":0,"uagb_excerpt":"E-REJESTRACJA ONLINE REJESTRACJA za pomoc\u0105 formularza Istnieje mo\u017cliwo\u015b\u0107 rejestracji poprzez poni\u017cszy formularz. Prosimy o podanie [&hellip;]","_links":{"self":[{"href":"https:\/\/www.pczbielsko.pl\/pl\/wp-json\/wp\/v2\/pages\/430","targetHints":{"allow":["GET"]}}],"collection":[{"href":"https:\/\/www.pczbielsko.pl\/pl\/wp-json\/wp\/v2\/pages"}],"about":[{"href":"https:\/\/www.pczbielsko.pl\/pl\/wp-json\/wp\/v2\/types\/page"}],"author":[{"embeddable":true,"href":"https:\/\/www.pczbielsko.pl\/pl\/wp-json\/wp\/v2\/users\/1"}],"replies":[{"embeddable":true,"href":"https:\/\/www.pczbielsko.pl\/pl\/wp-json\/wp\/v2\/comments?post=430"}],"version-history":[{"count":16,"href":"https:\/\/www.pczbielsko.pl\/pl\/wp-json\/wp\/v2\/pages\/430\/revisions"}],"predecessor-version":[{"id":894,"href":"https:\/\/www.pczbielsko.pl\/pl\/wp-json\/wp\/v2\/pages\/430\/revisions\/894"}],"wp:attachment":[{"href":"https:\/\/www.pczbielsko.pl\/pl\/wp-json\/wp\/v2\/media?parent=430"}],"curies":[{"name":"wp","href":"https:\/\/api.w.org\/{rel}","templated":true}]}}