{"id":351,"date":"2014-12-03T13:56:19","date_gmt":"2014-12-03T12:56:19","guid":{"rendered":"http:\/\/pczbielsko.pl\/pl\/?page_id=351"},"modified":"2018-10-26T20:46:38","modified_gmt":"2018-10-26T18:46:38","slug":"chirurg-szczekowy","status":"publish","type":"page","link":"https:\/\/www.pczbielsko.pl\/pl\/chirurg-szczekowy\/","title":{"rendered":"Chirurg szcz\u0119kowy"},"content":{"rendered":"<div class=\"well well-lg well-pcz\">\n<h2>Adam Pasz<br \/>\nlekarz dentysta, lekarz medycyny<br \/>\nspecjalista chirurgii stomatologicznej<\/h2>\n<\/div>\n<p>&nbsp;<\/p>\n<h3><strong>Oferta:<\/strong><\/h3>\n<p>&#8211; Chirurgia stomatologiczna<br \/>\n&#8211; Usuwanie z\u0119b\u00f3w, korzeni<br \/>\n&#8211; Chirurgiczne usuwanie z\u0119b\u00f3w, korzeni<br \/>\n&#8211; Chirurgiczne usuwanie z\u0119b\u00f3w zatrzymanych, dodatkowych<br \/>\n&#8211; Chirurgiczne usuwanie z\u0119b\u00f3w m\u0105dro\u015bci (\u00f3semek)<br \/>\n&#8211; Chirurgiczne ods\u0142anianie z\u0119b\u00f3w zatrzymanych celem ortodontycznego wprowadzenia do \u0142uku (w trakcie zabiegu mo\u017cliwe nalepienie zamka ortodontycznego)<br \/>\n&#8211; Resekcje wierzcho\u0142k\u00f3w korzeni z\u0119b\u00f3w z wstecznym opracowaniem ultrad\u017awi\u0119kami i wype\u0142nieniem materia\u0142em MTA<br \/>\n&#8211; Zamykanie otwarcia zatoki\u00a0 szcz\u0119kowej powata\u0142ego po usuni\u0119ciu z\u0119ba<br \/>\n&#8211; Zamykanie przetok do zatoki szcz\u0119kowej po dawno usuni\u0119tym z\u0119bie<br \/>\n&#8211; Chirurgiczne leczenie torbieli ko\u015bci szcz\u0119k i \u017cuchwy<br \/>\n&#8211; Leczenie z\u0119bopochodnych stan\u00f3w zapalnych zatok szcz\u0119kowych<br \/>\n&#8211; Chirurgiczne leczenie z\u0119bopochodnych stan\u00f3w zapalnych zatok szcz\u0119kowych\u00a0 (endoskopowo lub metod\u0105 Caldwell-Luca)<br \/>\n&#8211; Usuwanie niez\u0142o\u015bliwych guz\u00f3w jamy ustnej takich jak\u00a0 w\u0142\u00f3kniaki, brodawczaki, nadzi\u0105\u015blaki oraz torbiele zastoinowe drobnych gruczo\u0142\u00f3w \u015blinowych (zawsze potwierdzenie badaniem histopatologicznym)<br \/>\n&#8211; Chirurgiczne przygotowanie jamy ustnej do protezowania \u2013 pog\u0142\u0119bianie przedsionka jamy ustnej, usuniecie fa\u0142d\u00f3w w\u0142\u00f3knistych, ziarniniak\u00f3w szczelinowatych, przerost\u00f3w b\u0142ony \u015bluzowej<br \/>\n&#8211; Plastyki w\u0119dzide\u0142ek warg i j\u0119zyka<br \/>\n&#8211; Leczenie oko\u0142oszcz\u0119kowych stan\u00f3w zapalnych (ropnie, ropowice, przetoki ropne )<\/p>\n<h3><strong>Implantologia stomatologiczna:<\/strong><\/h3>\n<p>&#8211; Wszczepienie implantu(Straumann, AlphaBio, Osteoplant)<br \/>\n&#8211; Natychmiastowe wszczepienie implantu po usuni\u0119ciu z\u0119ba (Straumann, AlphaBio, Osteoplant)<\/p>\n<h3><strong>Chirurgia przedimplantologiczna:<\/strong><\/h3>\n<p>&#8211; Regeneracja z\u0119bodo\u0142\u00f3w po usuni\u0119ciu z\u0119ba<br \/>\n&#8211; Regeneracja tkanek mi\u0119kkich(przeszczepy tkanki \u0142\u0105cznej, b\u0142ony \u015bluzowej z podniebienia)<br \/>\n&#8211; Regeneracja zanik\u0142ych wyrostk\u00f3w z\u0119bodo\u0142owych szcz\u0119ki i \u017cuchwy(przeszczepy w\u0142asnej ko\u015bci,\u00a0 materia\u0142y kosciozast\u0119pcze<br \/>\n&#8211; Podniesienie dna zatoki szcz\u0119kowej<br \/>\n&#8211; Rozszczepienie ko\u015bci wyrostka z\u0119bodo\u0142owego<\/p>\n<p>Zabiegi w znieczuleniu og\u00f3lnym na Sali operacyjnej<\/p>\n<h4><span class=\"glyphicon glyphicon-earphone\"><\/span> 606 804 742<\/h4>\n","protected":false},"excerpt":{"rendered":"<p>Adam Pasz lekarz dentysta, lekarz medycyny specjalista chirurgii stomatologicznej &nbsp; Oferta: &#8211; Chirurgia stomatologiczna &#8211; [&hellip;]<\/p>\n","protected":false},"author":1,"featured_media":0,"parent":0,"menu_order":0,"comment_status":"open","ping_status":"open","template":"","meta":{"_uag_custom_page_level_css":"","footnotes":""},"class_list":["post-351","page","type-page","status-publish","hentry"],"yoast_head":"<!-- This site is optimized with the Yoast SEO plugin v26.0 - https:\/\/yoast.com\/wordpress\/plugins\/seo\/ -->\n<title>Chirurg szcz\u0119kowy - Pediatryczne Centrum Zabiegowe - Bielsko-Bia\u0142a<\/title>\n<meta name=\"robots\" content=\"index, follow, max-snippet:-1, max-image-preview:large, max-video-preview:-1\" \/>\n<link rel=\"canonical\" href=\"https:\/\/www.pczbielsko.pl\/pl\/chirurg-szczekowy\/\" \/>\n<meta property=\"og:locale\" content=\"pl_PL\" \/>\n<meta property=\"og:type\" content=\"article\" \/>\n<meta property=\"og:title\" content=\"Chirurg szcz\u0119kowy - Pediatryczne Centrum Zabiegowe - Bielsko-Bia\u0142a\" \/>\n<meta property=\"og:description\" content=\"Adam Pasz lekarz dentysta, lekarz medycyny specjalista chirurgii stomatologicznej &nbsp; Oferta: &#8211; Chirurgia stomatologiczna &#8211; [&hellip;]\" \/>\n<meta property=\"og:url\" content=\"https:\/\/www.pczbielsko.pl\/pl\/chirurg-szczekowy\/\" \/>\n<meta property=\"og:site_name\" content=\"Pediatryczne Centrum Zabiegowe - Bielsko-Bia\u0142a\" \/>\n<meta property=\"article:publisher\" content=\"https:\/\/www.facebook.com\/Pediatryczne-Centrum-Zabiegowe-289715897748382\/\" \/>\n<meta property=\"article:modified_time\" content=\"2018-10-26T18:46:38+00:00\" \/>\n<meta name=\"twitter:label1\" content=\"Szacowany czas czytania\" \/>\n\t<meta name=\"twitter:data1\" content=\"2 minuty\" \/>\n<script type=\"application\/ld+json\" class=\"yoast-schema-graph\">{\"@context\":\"https:\/\/schema.org\",\"@graph\":[{\"@type\":\"WebPage\",\"@id\":\"https:\/\/www.pczbielsko.pl\/pl\/chirurg-szczekowy\/\",\"url\":\"https:\/\/www.pczbielsko.pl\/pl\/chirurg-szczekowy\/\",\"name\":\"Chirurg szcz\u0119kowy - Pediatryczne Centrum Zabiegowe - Bielsko-Bia\u0142a\",\"isPartOf\":{\"@id\":\"https:\/\/www.pczbielsko.pl\/pl\/#website\"},\"datePublished\":\"2014-12-03T12:56:19+00:00\",\"dateModified\":\"2018-10-26T18:46:38+00:00\",\"breadcrumb\":{\"@id\":\"https:\/\/www.pczbielsko.pl\/pl\/chirurg-szczekowy\/#breadcrumb\"},\"inLanguage\":\"pl-PL\",\"potentialAction\":[{\"@type\":\"ReadAction\",\"target\":[\"https:\/\/www.pczbielsko.pl\/pl\/chirurg-szczekowy\/\"]}]},{\"@type\":\"BreadcrumbList\",\"@id\":\"https:\/\/www.pczbielsko.pl\/pl\/chirurg-szczekowy\/#breadcrumb\",\"itemListElement\":[{\"@type\":\"ListItem\",\"position\":1,\"name\":\"Strona g\u0142\u00f3wna\",\"item\":\"https:\/\/www.pczbielsko.pl\/pl\/\"},{\"@type\":\"ListItem\",\"position\":2,\"name\":\"Chirurg szcz\u0119kowy\"}]},{\"@type\":\"WebSite\",\"@id\":\"https:\/\/www.pczbielsko.pl\/pl\/#website\",\"url\":\"https:\/\/www.pczbielsko.pl\/pl\/\",\"name\":\"Pediatryczne Centrum Zabiegowe - Bielsko-Bia\u0142a\",\"description\":\"Pediatryczne Centrum Zabiegowe z Bielska-Bia\u0142ej prowadzi swoj\u0105 dzia\u0142alno\u015b\u0107 od 1998 roku.\",\"publisher\":{\"@id\":\"https:\/\/www.pczbielsko.pl\/pl\/#organization\"},\"potentialAction\":[{\"@type\":\"SearchAction\",\"target\":{\"@type\":\"EntryPoint\",\"urlTemplate\":\"https:\/\/www.pczbielsko.pl\/pl\/?s={search_term_string}\"},\"query-input\":{\"@type\":\"PropertyValueSpecification\",\"valueRequired\":true,\"valueName\":\"search_term_string\"}}],\"inLanguage\":\"pl-PL\"},{\"@type\":\"Organization\",\"@id\":\"https:\/\/www.pczbielsko.pl\/pl\/#organization\",\"name\":\"Pediatryczne Centrum Zabiegowe Bielsko-Bia\u0142a\",\"url\":\"https:\/\/www.pczbielsko.pl\/pl\/\",\"logo\":{\"@type\":\"ImageObject\",\"inLanguage\":\"pl-PL\",\"@id\":\"https:\/\/www.pczbielsko.pl\/pl\/#\/schema\/logo\/image\/\",\"url\":\"http:\/\/www.pczbielsko.pl\/pl\/wp-content\/uploads\/2018\/09\/pcz-logo2.png\",\"contentUrl\":\"http:\/\/www.pczbielsko.pl\/pl\/wp-content\/uploads\/2018\/09\/pcz-logo2.png\",\"width\":210,\"height\":104,\"caption\":\"Pediatryczne Centrum Zabiegowe Bielsko-Bia\u0142a\"},\"image\":{\"@id\":\"https:\/\/www.pczbielsko.pl\/pl\/#\/schema\/logo\/image\/\"},\"sameAs\":[\"https:\/\/www.facebook.com\/Pediatryczne-Centrum-Zabiegowe-289715897748382\/\"]}]}<\/script>\n<!-- \/ Yoast SEO plugin. -->","yoast_head_json":{"title":"Chirurg szcz\u0119kowy - Pediatryczne Centrum Zabiegowe - Bielsko-Bia\u0142a","robots":{"index":"index","follow":"follow","max-snippet":"max-snippet:-1","max-image-preview":"max-image-preview:large","max-video-preview":"max-video-preview:-1"},"canonical":"https:\/\/www.pczbielsko.pl\/pl\/chirurg-szczekowy\/","og_locale":"pl_PL","og_type":"article","og_title":"Chirurg szcz\u0119kowy - Pediatryczne Centrum Zabiegowe - Bielsko-Bia\u0142a","og_description":"Adam Pasz lekarz dentysta, lekarz medycyny specjalista chirurgii stomatologicznej &nbsp; Oferta: &#8211; Chirurgia stomatologiczna &#8211; [&hellip;]","og_url":"https:\/\/www.pczbielsko.pl\/pl\/chirurg-szczekowy\/","og_site_name":"Pediatryczne Centrum Zabiegowe - Bielsko-Bia\u0142a","article_publisher":"https:\/\/www.facebook.com\/Pediatryczne-Centrum-Zabiegowe-289715897748382\/","article_modified_time":"2018-10-26T18:46:38+00:00","twitter_misc":{"Szacowany czas czytania":"2 minuty"},"schema":{"@context":"https:\/\/schema.org","@graph":[{"@type":"WebPage","@id":"https:\/\/www.pczbielsko.pl\/pl\/chirurg-szczekowy\/","url":"https:\/\/www.pczbielsko.pl\/pl\/chirurg-szczekowy\/","name":"Chirurg szcz\u0119kowy - Pediatryczne Centrum Zabiegowe - Bielsko-Bia\u0142a","isPartOf":{"@id":"https:\/\/www.pczbielsko.pl\/pl\/#website"},"datePublished":"2014-12-03T12:56:19+00:00","dateModified":"2018-10-26T18:46:38+00:00","breadcrumb":{"@id":"https:\/\/www.pczbielsko.pl\/pl\/chirurg-szczekowy\/#breadcrumb"},"inLanguage":"pl-PL","potentialAction":[{"@type":"ReadAction","target":["https:\/\/www.pczbielsko.pl\/pl\/chirurg-szczekowy\/"]}]},{"@type":"BreadcrumbList","@id":"https:\/\/www.pczbielsko.pl\/pl\/chirurg-szczekowy\/#breadcrumb","itemListElement":[{"@type":"ListItem","position":1,"name":"Strona g\u0142\u00f3wna","item":"https:\/\/www.pczbielsko.pl\/pl\/"},{"@type":"ListItem","position":2,"name":"Chirurg szcz\u0119kowy"}]},{"@type":"WebSite","@id":"https:\/\/www.pczbielsko.pl\/pl\/#website","url":"https:\/\/www.pczbielsko.pl\/pl\/","name":"Pediatryczne Centrum Zabiegowe - Bielsko-Bia\u0142a","description":"Pediatryczne Centrum Zabiegowe z Bielska-Bia\u0142ej prowadzi swoj\u0105 dzia\u0142alno\u015b\u0107 od 1998 roku.","publisher":{"@id":"https:\/\/www.pczbielsko.pl\/pl\/#organization"},"potentialAction":[{"@type":"SearchAction","target":{"@type":"EntryPoint","urlTemplate":"https:\/\/www.pczbielsko.pl\/pl\/?s={search_term_string}"},"query-input":{"@type":"PropertyValueSpecification","valueRequired":true,"valueName":"search_term_string"}}],"inLanguage":"pl-PL"},{"@type":"Organization","@id":"https:\/\/www.pczbielsko.pl\/pl\/#organization","name":"Pediatryczne Centrum Zabiegowe Bielsko-Bia\u0142a","url":"https:\/\/www.pczbielsko.pl\/pl\/","logo":{"@type":"ImageObject","inLanguage":"pl-PL","@id":"https:\/\/www.pczbielsko.pl\/pl\/#\/schema\/logo\/image\/","url":"http:\/\/www.pczbielsko.pl\/pl\/wp-content\/uploads\/2018\/09\/pcz-logo2.png","contentUrl":"http:\/\/www.pczbielsko.pl\/pl\/wp-content\/uploads\/2018\/09\/pcz-logo2.png","width":210,"height":104,"caption":"Pediatryczne Centrum Zabiegowe Bielsko-Bia\u0142a"},"image":{"@id":"https:\/\/www.pczbielsko.pl\/pl\/#\/schema\/logo\/image\/"},"sameAs":["https:\/\/www.facebook.com\/Pediatryczne-Centrum-Zabiegowe-289715897748382\/"]}]}},"uagb_featured_image_src":{"full":false,"thumbnail":false,"medium":false,"medium_large":false,"large":false,"1536x1536":false,"2048x2048":false,"homeNews":false},"uagb_author_info":{"display_name":"labre","author_link":"https:\/\/www.pczbielsko.pl\/pl\/author\/labre\/"},"uagb_comment_info":0,"uagb_excerpt":"Adam Pasz lekarz dentysta, lekarz medycyny specjalista chirurgii stomatologicznej &nbsp; Oferta: &#8211; Chirurgia stomatologiczna &#8211; [&hellip;]","_links":{"self":[{"href":"https:\/\/www.pczbielsko.pl\/pl\/wp-json\/wp\/v2\/pages\/351","targetHints":{"allow":["GET"]}}],"collection":[{"href":"https:\/\/www.pczbielsko.pl\/pl\/wp-json\/wp\/v2\/pages"}],"about":[{"href":"https:\/\/www.pczbielsko.pl\/pl\/wp-json\/wp\/v2\/types\/page"}],"author":[{"embeddable":true,"href":"https:\/\/www.pczbielsko.pl\/pl\/wp-json\/wp\/v2\/users\/1"}],"replies":[{"embeddable":true,"href":"https:\/\/www.pczbielsko.pl\/pl\/wp-json\/wp\/v2\/comments?post=351"}],"version-history":[{"count":9,"href":"https:\/\/www.pczbielsko.pl\/pl\/wp-json\/wp\/v2\/pages\/351\/revisions"}],"predecessor-version":[{"id":478,"href":"https:\/\/www.pczbielsko.pl\/pl\/wp-json\/wp\/v2\/pages\/351\/revisions\/478"}],"wp:attachment":[{"href":"https:\/\/www.pczbielsko.pl\/pl\/wp-json\/wp\/v2\/media?parent=351"}],"curies":[{"name":"wp","href":"https:\/\/api.w.org\/{rel}","templated":true}]}}