{"id":30,"date":"2014-06-09T22:45:20","date_gmt":"2014-06-09T20:45:20","guid":{"rendered":"http:\/\/pczbielsko.pl\/pl\/?page_id=30"},"modified":"2022-09-08T14:09:31","modified_gmt":"2022-09-08T12:09:31","slug":"oddzial-laryngologii-dzieciecej","status":"publish","type":"page","link":"https:\/\/www.pczbielsko.pl\/pl\/oddzial-chirurgii-krotkoterminowej\/oddzial-laryngologii-dzieciecej\/","title":{"rendered":"Oddzia\u0142 laryngologii dzieci\u0119cej"},"content":{"rendered":"\n<div style=\"height:27px\" aria-hidden=\"true\" class=\"wp-block-spacer\"><\/div>\n\n\n\n<h2 class=\"has-medium-font-size wp-block-heading\"><strong>Zabiegi wykonywane w ramach laryngologii dzieci\u0119cej, w znieczuleniu og\u00f3lnym:<\/strong><\/h2>\n\n\n\n<div style=\"height:10px\" aria-hidden=\"true\" class=\"wp-block-spacer\"><\/div>\n\n\n\n<p><strong>1. Plastyka w\u0119dzide\u0142ka j\u0119zyka metod\u0105 laserow\u0105 (laser CO2)<\/strong><\/p>\n\n\n\n<div class=\"row\">\n<div class=\"col-md-4\">\n<p><strong>2. Usuni\u0119cie powi\u0119kszonego migda\u0142ka gard\u0142owego (trzeciego)<\/strong><\/p>\n<p>Nie przegap objaw\u00f3w! <br \/>&#8211; chrapanie <br \/>&#8211; okresy bezdechu podczas snu, oddychanie &#8222;z otwarta buzi\u0105&#8221; <br \/>&#8211; cz\u0119ste stany zapalne g\u00f3rnych dr\u00f3g oddechowych <br \/>&#8211; stany zapalne uszu <br \/>&#8211; uporczywy katar <br \/>&#8211; mowa &#8222;nosowa&#8221; <br \/>&#8211; niedos\u0142uch <br \/>&#8211; nasilaj\u0105ce si\u0119 wady zgryzu<\/p>\n<\/div>\n<div class=\"col-md-4\">\n<p><strong>3. Usuni\u0119cie lub zmniejszenie migda\u0142k\u00f3w podniebiennych<\/strong><\/p>\n<p>Zwr\u00f3\u0107 uwag\u0119 na objawy! <br \/>&#8211; cz\u0119ste anginy <br \/>&#8211; nawracaj\u0105ce zapalenia g\u00f3rnych dr\u00f3g oddechowych <br \/>&#8211; niedos\u0142uch <br \/>&#8211; mowa &#8222;kluskowata&#8221; <br \/>&#8211; bezdech senny<\/p>\n<\/div>\n<div class=\"col-md-4\">\n<p><strong>4. Usuni\u0119cie p\u0142ynu z przestrzeni ucha \u015brodkowego (paracenteza)<\/strong><\/p>\n<p>Objawy: <br \/>&#8211; niedos\u0142uch <br \/>&#8211; nawracaj\u0105ce stany zapalne uszu <br \/>&#8211; okresowe b\u00f3le ucha <br \/>&#8211; uczucie zatkania uszu<\/p>\n<\/div>\n<\/div>\n\n\n\n<div class=\"row\">\n<div class=\"col-md-4\">\n<p><strong>5. Za\u0142o\u017cenie czasowego drena\u017cu wentylacyjnego uszu (tympanostomia)<\/strong><\/p>\n<p>Objawy: <br \/>&#8211; znaczny niedos\u0142uch <br \/>&#8211; brak poprawy po paracentezie<\/p>\n<\/div>\n<div class=\"col-md-4\">\n<p><strong>6. Operacja usuni\u0119cia polip\u00f3w z przewod\u00f3w nosowych<\/strong><\/p>\n<p>Objawy: <br \/>&#8211; niedro\u017cno\u015b\u0107 nosa <br \/>&#8211; os\u0142abienie w\u0119chu <br \/>&#8211; przewlek\u0142y katar i stany zapalne zatok <br \/>&#8211; chrapanie w czasie snu <br \/>&#8211; b\u00f3le g\u0142owy<\/p>\n<\/div>\n<div class=\"col-md-4\">\n<p><strong>7. Diagnostyczne wziernikowanie krtani<\/strong><\/p>\n<p>Objawy: <br \/>&#8211; utrzymuj\u0105ca si\u0119 chrypka <br \/>&#8211; bezg\u0142os<\/p>\n<\/div>\n<\/div>\n\n\n\n<div class=\"row\">\n<div class=\"col-md-4\">\n<p><strong>8. Zamykanie krwawi\u0105cych naczy\u0144 przegrody nosa metod\u0105 elektrokoagulacji<\/strong><\/p>\n<p>Objawy: <br \/>&#8211; nawracaj\u0105ce krwawienia z nosa<\/p>\n<\/div>\n<\/div>\n","protected":false},"excerpt":{"rendered":"<p>Zabiegi wykonywane w ramach laryngologii dzieci\u0119cej, w znieczuleniu og\u00f3lnym:<\/p>\n","protected":false},"author":1,"featured_media":0,"parent":15,"menu_order":0,"comment_status":"open","ping_status":"open","template":"","meta":{"_uag_custom_page_level_css":"","footnotes":""},"class_list":["post-30","page","type-page","status-publish","hentry"],"yoast_head":"<!-- This site is optimized with the Yoast SEO plugin v26.0 - https:\/\/yoast.com\/wordpress\/plugins\/seo\/ -->\n<title>Oddzia\u0142 laryngologii dzieci\u0119cej - Pediatryczne Centrum Zabiegowe - Bielsko-Bia\u0142a<\/title>\n<meta name=\"robots\" content=\"index, follow, max-snippet:-1, max-image-preview:large, max-video-preview:-1\" \/>\n<link rel=\"canonical\" href=\"https:\/\/www.pczbielsko.pl\/pl\/oddzial-chirurgii-krotkoterminowej\/oddzial-laryngologii-dzieciecej\/\" \/>\n<meta property=\"og:locale\" content=\"pl_PL\" \/>\n<meta property=\"og:type\" content=\"article\" \/>\n<meta property=\"og:title\" content=\"Oddzia\u0142 laryngologii dzieci\u0119cej - Pediatryczne Centrum Zabiegowe - Bielsko-Bia\u0142a\" \/>\n<meta property=\"og:description\" content=\"Zabiegi wykonywane w ramach laryngologii dzieci\u0119cej, w znieczuleniu og\u00f3lnym:\" \/>\n<meta property=\"og:url\" content=\"https:\/\/www.pczbielsko.pl\/pl\/oddzial-chirurgii-krotkoterminowej\/oddzial-laryngologii-dzieciecej\/\" \/>\n<meta property=\"og:site_name\" content=\"Pediatryczne Centrum Zabiegowe - Bielsko-Bia\u0142a\" \/>\n<meta property=\"article:publisher\" content=\"https:\/\/www.facebook.com\/Pediatryczne-Centrum-Zabiegowe-289715897748382\/\" \/>\n<meta property=\"article:modified_time\" content=\"2022-09-08T12:09:31+00:00\" \/>\n<meta name=\"twitter:label1\" content=\"Szacowany czas czytania\" \/>\n\t<meta name=\"twitter:data1\" content=\"1 minuta\" \/>\n<script type=\"application\/ld+json\" class=\"yoast-schema-graph\">{\"@context\":\"https:\/\/schema.org\",\"@graph\":[{\"@type\":\"WebPage\",\"@id\":\"https:\/\/www.pczbielsko.pl\/pl\/oddzial-chirurgii-krotkoterminowej\/oddzial-laryngologii-dzieciecej\/\",\"url\":\"https:\/\/www.pczbielsko.pl\/pl\/oddzial-chirurgii-krotkoterminowej\/oddzial-laryngologii-dzieciecej\/\",\"name\":\"Oddzia\u0142 laryngologii dzieci\u0119cej - Pediatryczne Centrum Zabiegowe - Bielsko-Bia\u0142a\",\"isPartOf\":{\"@id\":\"https:\/\/www.pczbielsko.pl\/pl\/#website\"},\"datePublished\":\"2014-06-09T20:45:20+00:00\",\"dateModified\":\"2022-09-08T12:09:31+00:00\",\"breadcrumb\":{\"@id\":\"https:\/\/www.pczbielsko.pl\/pl\/oddzial-chirurgii-krotkoterminowej\/oddzial-laryngologii-dzieciecej\/#breadcrumb\"},\"inLanguage\":\"pl-PL\",\"potentialAction\":[{\"@type\":\"ReadAction\",\"target\":[\"https:\/\/www.pczbielsko.pl\/pl\/oddzial-chirurgii-krotkoterminowej\/oddzial-laryngologii-dzieciecej\/\"]}]},{\"@type\":\"BreadcrumbList\",\"@id\":\"https:\/\/www.pczbielsko.pl\/pl\/oddzial-chirurgii-krotkoterminowej\/oddzial-laryngologii-dzieciecej\/#breadcrumb\",\"itemListElement\":[{\"@type\":\"ListItem\",\"position\":1,\"name\":\"Strona g\u0142\u00f3wna\",\"item\":\"https:\/\/www.pczbielsko.pl\/pl\/\"},{\"@type\":\"ListItem\",\"position\":2,\"name\":\"Chirurgia kr\u00f3tkoterminowa\",\"item\":\"https:\/\/www.pczbielsko.pl\/pl\/oddzial-chirurgii-krotkoterminowej\/\"},{\"@type\":\"ListItem\",\"position\":3,\"name\":\"Oddzia\u0142 laryngologii dzieci\u0119cej\"}]},{\"@type\":\"WebSite\",\"@id\":\"https:\/\/www.pczbielsko.pl\/pl\/#website\",\"url\":\"https:\/\/www.pczbielsko.pl\/pl\/\",\"name\":\"Pediatryczne Centrum Zabiegowe - Bielsko-Bia\u0142a\",\"description\":\"Pediatryczne Centrum Zabiegowe z Bielska-Bia\u0142ej prowadzi swoj\u0105 dzia\u0142alno\u015b\u0107 od 1998 roku.\",\"publisher\":{\"@id\":\"https:\/\/www.pczbielsko.pl\/pl\/#organization\"},\"potentialAction\":[{\"@type\":\"SearchAction\",\"target\":{\"@type\":\"EntryPoint\",\"urlTemplate\":\"https:\/\/www.pczbielsko.pl\/pl\/?s={search_term_string}\"},\"query-input\":{\"@type\":\"PropertyValueSpecification\",\"valueRequired\":true,\"valueName\":\"search_term_string\"}}],\"inLanguage\":\"pl-PL\"},{\"@type\":\"Organization\",\"@id\":\"https:\/\/www.pczbielsko.pl\/pl\/#organization\",\"name\":\"Pediatryczne Centrum Zabiegowe Bielsko-Bia\u0142a\",\"url\":\"https:\/\/www.pczbielsko.pl\/pl\/\",\"logo\":{\"@type\":\"ImageObject\",\"inLanguage\":\"pl-PL\",\"@id\":\"https:\/\/www.pczbielsko.pl\/pl\/#\/schema\/logo\/image\/\",\"url\":\"http:\/\/www.pczbielsko.pl\/pl\/wp-content\/uploads\/2018\/09\/pcz-logo2.png\",\"contentUrl\":\"http:\/\/www.pczbielsko.pl\/pl\/wp-content\/uploads\/2018\/09\/pcz-logo2.png\",\"width\":210,\"height\":104,\"caption\":\"Pediatryczne Centrum Zabiegowe Bielsko-Bia\u0142a\"},\"image\":{\"@id\":\"https:\/\/www.pczbielsko.pl\/pl\/#\/schema\/logo\/image\/\"},\"sameAs\":[\"https:\/\/www.facebook.com\/Pediatryczne-Centrum-Zabiegowe-289715897748382\/\"]}]}<\/script>\n<!-- \/ Yoast SEO plugin. -->","yoast_head_json":{"title":"Oddzia\u0142 laryngologii dzieci\u0119cej - Pediatryczne Centrum Zabiegowe - Bielsko-Bia\u0142a","robots":{"index":"index","follow":"follow","max-snippet":"max-snippet:-1","max-image-preview":"max-image-preview:large","max-video-preview":"max-video-preview:-1"},"canonical":"https:\/\/www.pczbielsko.pl\/pl\/oddzial-chirurgii-krotkoterminowej\/oddzial-laryngologii-dzieciecej\/","og_locale":"pl_PL","og_type":"article","og_title":"Oddzia\u0142 laryngologii dzieci\u0119cej - Pediatryczne Centrum Zabiegowe - Bielsko-Bia\u0142a","og_description":"Zabiegi wykonywane w ramach laryngologii dzieci\u0119cej, w znieczuleniu og\u00f3lnym:","og_url":"https:\/\/www.pczbielsko.pl\/pl\/oddzial-chirurgii-krotkoterminowej\/oddzial-laryngologii-dzieciecej\/","og_site_name":"Pediatryczne Centrum Zabiegowe - Bielsko-Bia\u0142a","article_publisher":"https:\/\/www.facebook.com\/Pediatryczne-Centrum-Zabiegowe-289715897748382\/","article_modified_time":"2022-09-08T12:09:31+00:00","twitter_misc":{"Szacowany czas czytania":"1 minuta"},"schema":{"@context":"https:\/\/schema.org","@graph":[{"@type":"WebPage","@id":"https:\/\/www.pczbielsko.pl\/pl\/oddzial-chirurgii-krotkoterminowej\/oddzial-laryngologii-dzieciecej\/","url":"https:\/\/www.pczbielsko.pl\/pl\/oddzial-chirurgii-krotkoterminowej\/oddzial-laryngologii-dzieciecej\/","name":"Oddzia\u0142 laryngologii dzieci\u0119cej - Pediatryczne Centrum Zabiegowe - Bielsko-Bia\u0142a","isPartOf":{"@id":"https:\/\/www.pczbielsko.pl\/pl\/#website"},"datePublished":"2014-06-09T20:45:20+00:00","dateModified":"2022-09-08T12:09:31+00:00","breadcrumb":{"@id":"https:\/\/www.pczbielsko.pl\/pl\/oddzial-chirurgii-krotkoterminowej\/oddzial-laryngologii-dzieciecej\/#breadcrumb"},"inLanguage":"pl-PL","potentialAction":[{"@type":"ReadAction","target":["https:\/\/www.pczbielsko.pl\/pl\/oddzial-chirurgii-krotkoterminowej\/oddzial-laryngologii-dzieciecej\/"]}]},{"@type":"BreadcrumbList","@id":"https:\/\/www.pczbielsko.pl\/pl\/oddzial-chirurgii-krotkoterminowej\/oddzial-laryngologii-dzieciecej\/#breadcrumb","itemListElement":[{"@type":"ListItem","position":1,"name":"Strona g\u0142\u00f3wna","item":"https:\/\/www.pczbielsko.pl\/pl\/"},{"@type":"ListItem","position":2,"name":"Chirurgia kr\u00f3tkoterminowa","item":"https:\/\/www.pczbielsko.pl\/pl\/oddzial-chirurgii-krotkoterminowej\/"},{"@type":"ListItem","position":3,"name":"Oddzia\u0142 laryngologii dzieci\u0119cej"}]},{"@type":"WebSite","@id":"https:\/\/www.pczbielsko.pl\/pl\/#website","url":"https:\/\/www.pczbielsko.pl\/pl\/","name":"Pediatryczne Centrum Zabiegowe - Bielsko-Bia\u0142a","description":"Pediatryczne Centrum Zabiegowe z Bielska-Bia\u0142ej prowadzi swoj\u0105 dzia\u0142alno\u015b\u0107 od 1998 roku.","publisher":{"@id":"https:\/\/www.pczbielsko.pl\/pl\/#organization"},"potentialAction":[{"@type":"SearchAction","target":{"@type":"EntryPoint","urlTemplate":"https:\/\/www.pczbielsko.pl\/pl\/?s={search_term_string}"},"query-input":{"@type":"PropertyValueSpecification","valueRequired":true,"valueName":"search_term_string"}}],"inLanguage":"pl-PL"},{"@type":"Organization","@id":"https:\/\/www.pczbielsko.pl\/pl\/#organization","name":"Pediatryczne Centrum Zabiegowe Bielsko-Bia\u0142a","url":"https:\/\/www.pczbielsko.pl\/pl\/","logo":{"@type":"ImageObject","inLanguage":"pl-PL","@id":"https:\/\/www.pczbielsko.pl\/pl\/#\/schema\/logo\/image\/","url":"http:\/\/www.pczbielsko.pl\/pl\/wp-content\/uploads\/2018\/09\/pcz-logo2.png","contentUrl":"http:\/\/www.pczbielsko.pl\/pl\/wp-content\/uploads\/2018\/09\/pcz-logo2.png","width":210,"height":104,"caption":"Pediatryczne Centrum Zabiegowe Bielsko-Bia\u0142a"},"image":{"@id":"https:\/\/www.pczbielsko.pl\/pl\/#\/schema\/logo\/image\/"},"sameAs":["https:\/\/www.facebook.com\/Pediatryczne-Centrum-Zabiegowe-289715897748382\/"]}]}},"uagb_featured_image_src":{"full":false,"thumbnail":false,"medium":false,"medium_large":false,"large":false,"1536x1536":false,"2048x2048":false,"homeNews":false},"uagb_author_info":{"display_name":"labre","author_link":"https:\/\/www.pczbielsko.pl\/pl\/author\/labre\/"},"uagb_comment_info":0,"uagb_excerpt":"Zabiegi wykonywane w ramach laryngologii dzieci\u0119cej, w znieczuleniu og\u00f3lnym:","_links":{"self":[{"href":"https:\/\/www.pczbielsko.pl\/pl\/wp-json\/wp\/v2\/pages\/30","targetHints":{"allow":["GET"]}}],"collection":[{"href":"https:\/\/www.pczbielsko.pl\/pl\/wp-json\/wp\/v2\/pages"}],"about":[{"href":"https:\/\/www.pczbielsko.pl\/pl\/wp-json\/wp\/v2\/types\/page"}],"author":[{"embeddable":true,"href":"https:\/\/www.pczbielsko.pl\/pl\/wp-json\/wp\/v2\/users\/1"}],"replies":[{"embeddable":true,"href":"https:\/\/www.pczbielsko.pl\/pl\/wp-json\/wp\/v2\/comments?post=30"}],"version-history":[{"count":42,"href":"https:\/\/www.pczbielsko.pl\/pl\/wp-json\/wp\/v2\/pages\/30\/revisions"}],"predecessor-version":[{"id":848,"href":"https:\/\/www.pczbielsko.pl\/pl\/wp-json\/wp\/v2\/pages\/30\/revisions\/848"}],"up":[{"embeddable":true,"href":"https:\/\/www.pczbielsko.pl\/pl\/wp-json\/wp\/v2\/pages\/15"}],"wp:attachment":[{"href":"https:\/\/www.pczbielsko.pl\/pl\/wp-json\/wp\/v2\/media?parent=30"}],"curies":[{"name":"wp","href":"https:\/\/api.w.org\/{rel}","templated":true}]}}