{"id":23,"date":"2014-06-09T21:14:04","date_gmt":"2014-06-09T19:14:04","guid":{"rendered":"http:\/\/pczbielsko.pl\/pl\/?page_id=23"},"modified":"2022-09-08T13:56:39","modified_gmt":"2022-09-08T11:56:39","slug":"stomatologia","status":"publish","type":"page","link":"https:\/\/www.pczbielsko.pl\/pl\/stomatologia\/","title":{"rendered":"Stomatologia"},"content":{"rendered":"\n<p>Dzieci (a tak\u017ce doro\u015bli) obawiaj\u0105 si\u0119 wizyt u dentysty. Aby zminimalizowa\u0107 strach i dyskomfort, mo\u017cemy wyleczy\u0107 wszystkie z\u0119by dziecka w trakcie jednej, 60-minutowej wizyty.Zabieg jest wykonywany pod nadzorem do\u015bwiadczonego anestezjologa pediatrycznego.<\/p>\n\n\n\n<div class=\"well well-lg well-pcz\">\n<h2><strong>Zapraszamy serdecznie do naszych nowoczesnych gabinet\u00f3w stomatologicznych<\/strong><\/h2>\n<\/div>\n\n\n\n<p>(stomatologia og\u00f3lna, ortodoncja, chirurgia stomatologiczna), stworzonych specjalnie dla najm\u0142odszych pacjent\u00f3w &#8211; i nie tylko!).<\/p>\n\n\n\n<p>W celu uzyskania informacji i rejestracji zapraszamy do kontaktu telefonicznego:<\/p>\n\n\n\n<p><strong>+48 33 474 28 21<\/strong><\/p>\n\n\n\n<p><a class=\"btn btn-primary\" title=\"Cennik stomatologiczny\" href=\"http:\/\/www.pczbielsko.pl\/pl\/cennik-uslug\/\">Cennik stomatologiczny<\/a><\/p>\n\n\n\n<p><strong>W gabinecie oferujemy:<\/strong><\/p>\n\n\n\n<p>&#8211; ZABIEGI W ZNIECZULENIU OG\u00d3LNYM (NARKOZA)<br>&#8211; Mo\u017cliwo\u015b\u0107 wyleczenia wszystkich chorych z\u0119b\u00f3w w trakcie jednej 60-minutowe wizyty<br>&#8211; Zabieg przeprowadzany jest pod nadzorem do\u015bwiadczonego anestezjologa pediatrycznego.<\/p>\n\n\n\n<p><strong>Profilaktyka i higiena<\/strong><\/p>\n\n\n\n<p>&#8211; Szereg zabieg\u00f3w pozwalaj\u0105cych unikn\u0105\u0107 lub op\u00f3\u017ani\u0107 powstawanie pr\u00f3chnicy i chor\u00f3b przyz\u0119bia, czyli parodontozy:<br>&#8211; Wizyty konsultacyjne dla dzieci &#8211; GRATIS<br>&#8211; Fluoryzacja kontaktowa \u2013 lakierowanie powierzchni z\u0119b\u00f3w lakierami fluorkowymi<br>&#8211; Lakowanie bruzd z\u0119b\u00f3w przedtrzonowych i trzonowych (sta\u0142ych i mlecznych) lakami szczelinowymi uwalniaj\u0105cymi fluor<br>&#8211; Scaling \u2013 usuwanie kamienia naz\u0119bnego skalerem ultrad\u017awi\u0119kowym<br>&#8211; Piaskowanie \u2013usuwanie osad\u00f3w i przebarwie\u0144 naz\u0119bnych ( z kawy, herbaty, tytoniu)<br>&#8211; Polishing \u2013 polerowanie z\u0119b\u00f3w systemem szczoteczek, gumek i past<\/p>\n\n\n\n<p><strong>Instrukta\u017c higieny jamy ustnej , pomoc w doborze odpowiednich akcesori\u00f3w szczotek, past, p\u0142ukanek, nici ,irygator\u00f3w itp.<\/strong><\/p>\n\n\n\n<p><strong>Wybielanie z\u0119b\u00f3w:<\/strong><\/p>\n\n\n\n<p>&#8211; Wybielanie w gabinecie z u\u017cyciem lampy UV<br>&#8211; Wybielanie nak\u0142adkowe, nocne<br>&#8211; Wybielanie z\u0119b\u00f3w martwych<\/p>\n\n\n\n<p><strong>Stomatologia zachowawcza i pedodoncja:<\/strong><br>&#8211; Wype\u0142nienia kompozytowe, kompomerowe, glasjonomerowe renomowanych firm<br>&#8211; Odbudowy estetyczne na wk\u0142adach z w\u0142\u00f3kien szklanych<br>&#8211; Kolorowe wype\u0142nienia Twinky Star przeznaczone do z\u0119b\u00f3w mlecznych, bajeczne kolory zach\u0119c\u0105 ma\u0142ych pacjent\u00f3w do wsp\u00f3\u0142pracy w trakcie zabiegu<\/p>\n\n\n\n<p><strong>Endodoncja (leczenie kana\u0142owe):<\/strong><br>&#8211; Chirurgia stomatologiczna<br>&#8211; Usuwanie z\u0119b\u00f3w i korzeni<br>&#8211; Usuwanie z\u0119b\u00f3w m\u0105dro\u015bci<br>&#8211; Zabiegi resekcji wierzcho\u0142k\u00f3w korzeni<\/p>\n\n\n\n<p><strong>Protetyka<\/strong><br>&#8211; Protezy sta\u0142e : korony , mosty<br>&#8211; Protezy ruchome : ca\u0142kowite , cz\u0119\u015bciowe<\/p>\n\n\n\n<p><strong>Ortodoncja<\/strong><br>&#8211; Pe\u0142en zakres leczenia wad zgryzu<br>&#8211; Aparaty sta\u0142e i ruchome<\/p>\n\n\n\n<p><strong>Rentgenodiagnostyka (radiowizjografia)<\/strong><\/p>\n\n\n\n<p><strong>Komputerowe znieczulenie THE WAND<\/strong><br>&#8211; Skuteczny spos\u00f3b znieczulenia eliminuj\u0105cy l\u0119k przed zastrzykiem<br>&#8211; Znieczulenie stomatologiczne podawane jest z zastosowaniem nowoczesnego komputerowo sterowanego systemu THE WAND, co sprawia, \u017ce zabieg jest bezpieczny i bezbolesny. Si\u0142a podawania \u015brodka znieczulaj\u0105cego jest odpowiednia do mo\u017cliwo\u015bci adaptacyjnych dzi\u0105s\u0142a.<\/p>\n","protected":false},"excerpt":{"rendered":"<p>Dzieci (a tak\u017ce doro\u015bli) obawiaj\u0105 si\u0119 wizyt u dentysty. Aby zminimalizowa\u0107 strach i dyskomfort, mo\u017cemy [&hellip;]<\/p>\n","protected":false},"author":1,"featured_media":0,"parent":0,"menu_order":0,"comment_status":"open","ping_status":"open","template":"","meta":{"_uag_custom_page_level_css":"","footnotes":""},"class_list":["post-23","page","type-page","status-publish","hentry"],"yoast_head":"<!-- This site is optimized with the Yoast SEO plugin v26.0 - https:\/\/yoast.com\/wordpress\/plugins\/seo\/ -->\n<title>Stomatologia - Pediatryczne Centrum Zabiegowe - Bielsko-Bia\u0142a<\/title>\n<meta name=\"robots\" content=\"index, follow, max-snippet:-1, max-image-preview:large, max-video-preview:-1\" \/>\n<link rel=\"canonical\" href=\"https:\/\/www.pczbielsko.pl\/pl\/stomatologia\/\" \/>\n<meta property=\"og:locale\" content=\"pl_PL\" \/>\n<meta property=\"og:type\" content=\"article\" \/>\n<meta property=\"og:title\" content=\"Stomatologia - Pediatryczne Centrum Zabiegowe - Bielsko-Bia\u0142a\" \/>\n<meta property=\"og:description\" content=\"Dzieci (a tak\u017ce doro\u015bli) obawiaj\u0105 si\u0119 wizyt u dentysty. Aby zminimalizowa\u0107 strach i dyskomfort, mo\u017cemy [&hellip;]\" \/>\n<meta property=\"og:url\" content=\"https:\/\/www.pczbielsko.pl\/pl\/stomatologia\/\" \/>\n<meta property=\"og:site_name\" content=\"Pediatryczne Centrum Zabiegowe - Bielsko-Bia\u0142a\" \/>\n<meta property=\"article:publisher\" content=\"https:\/\/www.facebook.com\/Pediatryczne-Centrum-Zabiegowe-289715897748382\/\" \/>\n<meta property=\"article:modified_time\" content=\"2022-09-08T11:56:39+00:00\" \/>\n<meta name=\"twitter:label1\" content=\"Szacowany czas czytania\" \/>\n\t<meta name=\"twitter:data1\" content=\"2 minuty\" \/>\n<script type=\"application\/ld+json\" class=\"yoast-schema-graph\">{\"@context\":\"https:\/\/schema.org\",\"@graph\":[{\"@type\":\"WebPage\",\"@id\":\"https:\/\/www.pczbielsko.pl\/pl\/stomatologia\/\",\"url\":\"https:\/\/www.pczbielsko.pl\/pl\/stomatologia\/\",\"name\":\"Stomatologia - Pediatryczne Centrum Zabiegowe - Bielsko-Bia\u0142a\",\"isPartOf\":{\"@id\":\"https:\/\/www.pczbielsko.pl\/pl\/#website\"},\"datePublished\":\"2014-06-09T19:14:04+00:00\",\"dateModified\":\"2022-09-08T11:56:39+00:00\",\"breadcrumb\":{\"@id\":\"https:\/\/www.pczbielsko.pl\/pl\/stomatologia\/#breadcrumb\"},\"inLanguage\":\"pl-PL\",\"potentialAction\":[{\"@type\":\"ReadAction\",\"target\":[\"https:\/\/www.pczbielsko.pl\/pl\/stomatologia\/\"]}]},{\"@type\":\"BreadcrumbList\",\"@id\":\"https:\/\/www.pczbielsko.pl\/pl\/stomatologia\/#breadcrumb\",\"itemListElement\":[{\"@type\":\"ListItem\",\"position\":1,\"name\":\"Strona g\u0142\u00f3wna\",\"item\":\"https:\/\/www.pczbielsko.pl\/pl\/\"},{\"@type\":\"ListItem\",\"position\":2,\"name\":\"Stomatologia\"}]},{\"@type\":\"WebSite\",\"@id\":\"https:\/\/www.pczbielsko.pl\/pl\/#website\",\"url\":\"https:\/\/www.pczbielsko.pl\/pl\/\",\"name\":\"Pediatryczne Centrum Zabiegowe - Bielsko-Bia\u0142a\",\"description\":\"Pediatryczne Centrum Zabiegowe z Bielska-Bia\u0142ej prowadzi swoj\u0105 dzia\u0142alno\u015b\u0107 od 1998 roku.\",\"publisher\":{\"@id\":\"https:\/\/www.pczbielsko.pl\/pl\/#organization\"},\"potentialAction\":[{\"@type\":\"SearchAction\",\"target\":{\"@type\":\"EntryPoint\",\"urlTemplate\":\"https:\/\/www.pczbielsko.pl\/pl\/?s={search_term_string}\"},\"query-input\":{\"@type\":\"PropertyValueSpecification\",\"valueRequired\":true,\"valueName\":\"search_term_string\"}}],\"inLanguage\":\"pl-PL\"},{\"@type\":\"Organization\",\"@id\":\"https:\/\/www.pczbielsko.pl\/pl\/#organization\",\"name\":\"Pediatryczne Centrum Zabiegowe Bielsko-Bia\u0142a\",\"url\":\"https:\/\/www.pczbielsko.pl\/pl\/\",\"logo\":{\"@type\":\"ImageObject\",\"inLanguage\":\"pl-PL\",\"@id\":\"https:\/\/www.pczbielsko.pl\/pl\/#\/schema\/logo\/image\/\",\"url\":\"http:\/\/www.pczbielsko.pl\/pl\/wp-content\/uploads\/2018\/09\/pcz-logo2.png\",\"contentUrl\":\"http:\/\/www.pczbielsko.pl\/pl\/wp-content\/uploads\/2018\/09\/pcz-logo2.png\",\"width\":210,\"height\":104,\"caption\":\"Pediatryczne Centrum Zabiegowe Bielsko-Bia\u0142a\"},\"image\":{\"@id\":\"https:\/\/www.pczbielsko.pl\/pl\/#\/schema\/logo\/image\/\"},\"sameAs\":[\"https:\/\/www.facebook.com\/Pediatryczne-Centrum-Zabiegowe-289715897748382\/\"]}]}<\/script>\n<!-- \/ Yoast SEO plugin. -->","yoast_head_json":{"title":"Stomatologia - Pediatryczne Centrum Zabiegowe - Bielsko-Bia\u0142a","robots":{"index":"index","follow":"follow","max-snippet":"max-snippet:-1","max-image-preview":"max-image-preview:large","max-video-preview":"max-video-preview:-1"},"canonical":"https:\/\/www.pczbielsko.pl\/pl\/stomatologia\/","og_locale":"pl_PL","og_type":"article","og_title":"Stomatologia - Pediatryczne Centrum Zabiegowe - Bielsko-Bia\u0142a","og_description":"Dzieci (a tak\u017ce doro\u015bli) obawiaj\u0105 si\u0119 wizyt u dentysty. Aby zminimalizowa\u0107 strach i dyskomfort, mo\u017cemy [&hellip;]","og_url":"https:\/\/www.pczbielsko.pl\/pl\/stomatologia\/","og_site_name":"Pediatryczne Centrum Zabiegowe - Bielsko-Bia\u0142a","article_publisher":"https:\/\/www.facebook.com\/Pediatryczne-Centrum-Zabiegowe-289715897748382\/","article_modified_time":"2022-09-08T11:56:39+00:00","twitter_misc":{"Szacowany czas czytania":"2 minuty"},"schema":{"@context":"https:\/\/schema.org","@graph":[{"@type":"WebPage","@id":"https:\/\/www.pczbielsko.pl\/pl\/stomatologia\/","url":"https:\/\/www.pczbielsko.pl\/pl\/stomatologia\/","name":"Stomatologia - Pediatryczne Centrum Zabiegowe - Bielsko-Bia\u0142a","isPartOf":{"@id":"https:\/\/www.pczbielsko.pl\/pl\/#website"},"datePublished":"2014-06-09T19:14:04+00:00","dateModified":"2022-09-08T11:56:39+00:00","breadcrumb":{"@id":"https:\/\/www.pczbielsko.pl\/pl\/stomatologia\/#breadcrumb"},"inLanguage":"pl-PL","potentialAction":[{"@type":"ReadAction","target":["https:\/\/www.pczbielsko.pl\/pl\/stomatologia\/"]}]},{"@type":"BreadcrumbList","@id":"https:\/\/www.pczbielsko.pl\/pl\/stomatologia\/#breadcrumb","itemListElement":[{"@type":"ListItem","position":1,"name":"Strona g\u0142\u00f3wna","item":"https:\/\/www.pczbielsko.pl\/pl\/"},{"@type":"ListItem","position":2,"name":"Stomatologia"}]},{"@type":"WebSite","@id":"https:\/\/www.pczbielsko.pl\/pl\/#website","url":"https:\/\/www.pczbielsko.pl\/pl\/","name":"Pediatryczne Centrum Zabiegowe - Bielsko-Bia\u0142a","description":"Pediatryczne Centrum Zabiegowe z Bielska-Bia\u0142ej prowadzi swoj\u0105 dzia\u0142alno\u015b\u0107 od 1998 roku.","publisher":{"@id":"https:\/\/www.pczbielsko.pl\/pl\/#organization"},"potentialAction":[{"@type":"SearchAction","target":{"@type":"EntryPoint","urlTemplate":"https:\/\/www.pczbielsko.pl\/pl\/?s={search_term_string}"},"query-input":{"@type":"PropertyValueSpecification","valueRequired":true,"valueName":"search_term_string"}}],"inLanguage":"pl-PL"},{"@type":"Organization","@id":"https:\/\/www.pczbielsko.pl\/pl\/#organization","name":"Pediatryczne Centrum Zabiegowe Bielsko-Bia\u0142a","url":"https:\/\/www.pczbielsko.pl\/pl\/","logo":{"@type":"ImageObject","inLanguage":"pl-PL","@id":"https:\/\/www.pczbielsko.pl\/pl\/#\/schema\/logo\/image\/","url":"http:\/\/www.pczbielsko.pl\/pl\/wp-content\/uploads\/2018\/09\/pcz-logo2.png","contentUrl":"http:\/\/www.pczbielsko.pl\/pl\/wp-content\/uploads\/2018\/09\/pcz-logo2.png","width":210,"height":104,"caption":"Pediatryczne Centrum Zabiegowe Bielsko-Bia\u0142a"},"image":{"@id":"https:\/\/www.pczbielsko.pl\/pl\/#\/schema\/logo\/image\/"},"sameAs":["https:\/\/www.facebook.com\/Pediatryczne-Centrum-Zabiegowe-289715897748382\/"]}]}},"uagb_featured_image_src":{"full":false,"thumbnail":false,"medium":false,"medium_large":false,"large":false,"1536x1536":false,"2048x2048":false,"homeNews":false},"uagb_author_info":{"display_name":"labre","author_link":"https:\/\/www.pczbielsko.pl\/pl\/author\/labre\/"},"uagb_comment_info":0,"uagb_excerpt":"Dzieci (a tak\u017ce doro\u015bli) obawiaj\u0105 si\u0119 wizyt u dentysty. Aby zminimalizowa\u0107 strach i dyskomfort, mo\u017cemy [&hellip;]","_links":{"self":[{"href":"https:\/\/www.pczbielsko.pl\/pl\/wp-json\/wp\/v2\/pages\/23","targetHints":{"allow":["GET"]}}],"collection":[{"href":"https:\/\/www.pczbielsko.pl\/pl\/wp-json\/wp\/v2\/pages"}],"about":[{"href":"https:\/\/www.pczbielsko.pl\/pl\/wp-json\/wp\/v2\/types\/page"}],"author":[{"embeddable":true,"href":"https:\/\/www.pczbielsko.pl\/pl\/wp-json\/wp\/v2\/users\/1"}],"replies":[{"embeddable":true,"href":"https:\/\/www.pczbielsko.pl\/pl\/wp-json\/wp\/v2\/comments?post=23"}],"version-history":[{"count":50,"href":"https:\/\/www.pczbielsko.pl\/pl\/wp-json\/wp\/v2\/pages\/23\/revisions"}],"predecessor-version":[{"id":830,"href":"https:\/\/www.pczbielsko.pl\/pl\/wp-json\/wp\/v2\/pages\/23\/revisions\/830"}],"wp:attachment":[{"href":"https:\/\/www.pczbielsko.pl\/pl\/wp-json\/wp\/v2\/media?parent=23"}],"curies":[{"name":"wp","href":"https:\/\/api.w.org\/{rel}","templated":true}]}}