{"id":222,"date":"2014-06-13T16:25:53","date_gmt":"2014-06-13T14:25:53","guid":{"rendered":"http:\/\/pczbielsko.pl\/pl\/?page_id=222"},"modified":"2022-09-05T17:46:55","modified_gmt":"2022-09-05T15:46:55","slug":"wazne-informacje","status":"publish","type":"page","link":"https:\/\/www.pczbielsko.pl\/pl\/wazne-informacje\/","title":{"rendered":"Wa\u017cne informacje"},"content":{"rendered":"\n\t\t\t<div class=\"wp-block-uagb-post-grid uagb-post-grid  uagb-post__image-position-top uagb-post__image-disabled uagb-block-7365951e     uagb-post__items uagb-post__columns-3 is-grid uagb-post__columns-tablet-2 uagb-post__columns-mobile-1 uagb-post__equal-height\" data-total=\"1\" style=\"\">\n\n\t\t\t\t\t\t\t\t\t\t\t\t<article class=\"uagb-post__inner-wrap\">\t\t\t\t\t\t\t\t<h4 class=\"uagb-post__title uagb-post__text\">\n\t\t\t\t<a href=\"https:\/\/www.pczbielsko.pl\/pl\/polityka-danych-osobowych\/\" target=\"_self\" rel=\"bookmark noopener noreferrer\">Polityka danych osobowych<\/a>\n\t\t\t<\/h4>\n\t\t\t\t\t\t<div class='uagb-post__text uagb-post-grid-byline'>\n\t\t\t\t\t\t\t<\/div>\n\t\t\t\t\t\t\t<div class='uagb-post__text uagb-post__excerpt'>\n\t\t\t\t\t<p>Szanowny Pacjencie,Wype\u0142niaj\u0105c obowi\u0105zki wynikaj\u0105ce z obowi\u0105zuj\u0105cych przepis\u00f3w prawa dotycz\u0105cych ochrony&#8230;\t\t\t\t<\/div>\n\t\t\t\n\t\t\t\t\t\t\t\t\t<\/article>\n\t\t\t\t\t\t\t\t\t\t\t\t\t\t\t\t<article class=\"uagb-post__inner-wrap\">\t\t\t\t\t\t\t\t<h4 class=\"uagb-post__title uagb-post__text\">\n\t\t\t\t<a href=\"https:\/\/www.pczbielsko.pl\/pl\/rehabilitacja-niemowlat-i-malych-dzieci-w-pcz\/\" target=\"_self\" rel=\"bookmark noopener noreferrer\">Rehabilitacja niemowl\u0105t i ma\u0142ych dzieci w PCZ (NDT-Bobath)<\/a>\n\t\t\t<\/h4>\n\t\t\t\t\t\t<div class='uagb-post__text uagb-post-grid-byline'>\n\t\t\t\t\t\t\t<\/div>\n\t\t\t\t\t\t\t<div class='uagb-post__text uagb-post__excerpt'>\n\t\t\t\t\t<p>Zapraszamy na konsultacje z do\u015bwiadczon\u0105 terapeutk\u0105 NDT-Bobath. Je\u015bli niepokoi Ci\u0119&#8230;\t\t\t\t<\/div>\n\t\t\t\n\t\t\t\t\t\t\t\t\t<\/article>\n\t\t\t\t\t\t\t\t\t\t\t\t\t\t\t\t<article class=\"uagb-post__inner-wrap\">\t\t\t\t\t\t\t\t<h4 class=\"uagb-post__title uagb-post__text\">\n\t\t\t\t<a href=\"https:\/\/www.pczbielsko.pl\/pl\/stomatologia-dziecieca-w-znieczuleniu-ogolnym\/\" target=\"_self\" rel=\"bookmark noopener noreferrer\">Stomatologia dzieci\u0119ca w znieczuleniu og\u00f3lnym<\/a>\n\t\t\t<\/h4>\n\t\t\t\t\t\t<div class='uagb-post__text uagb-post-grid-byline'>\n\t\t\t\t\t\t\t<\/div>\n\t\t\t\t\t\t\t<div class='uagb-post__text uagb-post__excerpt'>\n\t\t\t\t\t<p>Dzieci (a tak\u017ce doro\u015bli) obawiaj\u0105 si\u0119 wizyt u dentysty. Aby&#8230;\t\t\t\t<\/div>\n\t\t\t\n\t\t\t\t\t\t\t\t\t<\/article>\n\t\t\t\t\t\t\t\t\t\t\t\t\t<div class=\"uagb-post-pagination-wrap\">\n\t\t\t\t\t\t\t\t\t\t\t<\/div>\n\t\t\t\t\t\t\t\t<\/div>\n\t\t\t","protected":false},"excerpt":{"rendered":"","protected":false},"author":1,"featured_media":0,"parent":0,"menu_order":0,"comment_status":"open","ping_status":"open","template":"","meta":{"_uag_custom_page_level_css":"","footnotes":""},"class_list":["post-222","page","type-page","status-publish","hentry"],"yoast_head":"<!-- This site is optimized with the Yoast SEO plugin v26.0 - https:\/\/yoast.com\/wordpress\/plugins\/seo\/ -->\n<title>Wa\u017cne informacje - Pediatryczne Centrum Zabiegowe - Bielsko-Bia\u0142a<\/title>\n<meta name=\"robots\" content=\"index, follow, max-snippet:-1, max-image-preview:large, max-video-preview:-1\" \/>\n<link rel=\"canonical\" href=\"https:\/\/www.pczbielsko.pl\/pl\/wazne-informacje\/\" \/>\n<meta property=\"og:locale\" content=\"pl_PL\" \/>\n<meta property=\"og:type\" content=\"article\" \/>\n<meta property=\"og:title\" content=\"Wa\u017cne informacje - Pediatryczne Centrum Zabiegowe - Bielsko-Bia\u0142a\" \/>\n<meta property=\"og:url\" content=\"https:\/\/www.pczbielsko.pl\/pl\/wazne-informacje\/\" \/>\n<meta property=\"og:site_name\" content=\"Pediatryczne Centrum Zabiegowe - Bielsko-Bia\u0142a\" \/>\n<meta property=\"article:publisher\" content=\"https:\/\/www.facebook.com\/Pediatryczne-Centrum-Zabiegowe-289715897748382\/\" \/>\n<meta property=\"article:modified_time\" content=\"2022-09-05T15:46:55+00:00\" \/>\n<script type=\"application\/ld+json\" class=\"yoast-schema-graph\">{\"@context\":\"https:\/\/schema.org\",\"@graph\":[{\"@type\":\"WebPage\",\"@id\":\"https:\/\/www.pczbielsko.pl\/pl\/wazne-informacje\/\",\"url\":\"https:\/\/www.pczbielsko.pl\/pl\/wazne-informacje\/\",\"name\":\"Wa\u017cne informacje - Pediatryczne Centrum Zabiegowe - Bielsko-Bia\u0142a\",\"isPartOf\":{\"@id\":\"https:\/\/www.pczbielsko.pl\/pl\/#website\"},\"datePublished\":\"2014-06-13T14:25:53+00:00\",\"dateModified\":\"2022-09-05T15:46:55+00:00\",\"breadcrumb\":{\"@id\":\"https:\/\/www.pczbielsko.pl\/pl\/wazne-informacje\/#breadcrumb\"},\"inLanguage\":\"pl-PL\",\"potentialAction\":[{\"@type\":\"ReadAction\",\"target\":[\"https:\/\/www.pczbielsko.pl\/pl\/wazne-informacje\/\"]}]},{\"@type\":\"BreadcrumbList\",\"@id\":\"https:\/\/www.pczbielsko.pl\/pl\/wazne-informacje\/#breadcrumb\",\"itemListElement\":[{\"@type\":\"ListItem\",\"position\":1,\"name\":\"Strona g\u0142\u00f3wna\",\"item\":\"https:\/\/www.pczbielsko.pl\/pl\/\"},{\"@type\":\"ListItem\",\"position\":2,\"name\":\"Wa\u017cne informacje\"}]},{\"@type\":\"WebSite\",\"@id\":\"https:\/\/www.pczbielsko.pl\/pl\/#website\",\"url\":\"https:\/\/www.pczbielsko.pl\/pl\/\",\"name\":\"Pediatryczne Centrum Zabiegowe - Bielsko-Bia\u0142a\",\"description\":\"Pediatryczne Centrum Zabiegowe z Bielska-Bia\u0142ej prowadzi swoj\u0105 dzia\u0142alno\u015b\u0107 od 1998 roku.\",\"publisher\":{\"@id\":\"https:\/\/www.pczbielsko.pl\/pl\/#organization\"},\"potentialAction\":[{\"@type\":\"SearchAction\",\"target\":{\"@type\":\"EntryPoint\",\"urlTemplate\":\"https:\/\/www.pczbielsko.pl\/pl\/?s={search_term_string}\"},\"query-input\":{\"@type\":\"PropertyValueSpecification\",\"valueRequired\":true,\"valueName\":\"search_term_string\"}}],\"inLanguage\":\"pl-PL\"},{\"@type\":\"Organization\",\"@id\":\"https:\/\/www.pczbielsko.pl\/pl\/#organization\",\"name\":\"Pediatryczne Centrum Zabiegowe Bielsko-Bia\u0142a\",\"url\":\"https:\/\/www.pczbielsko.pl\/pl\/\",\"logo\":{\"@type\":\"ImageObject\",\"inLanguage\":\"pl-PL\",\"@id\":\"https:\/\/www.pczbielsko.pl\/pl\/#\/schema\/logo\/image\/\",\"url\":\"http:\/\/www.pczbielsko.pl\/pl\/wp-content\/uploads\/2018\/09\/pcz-logo2.png\",\"contentUrl\":\"http:\/\/www.pczbielsko.pl\/pl\/wp-content\/uploads\/2018\/09\/pcz-logo2.png\",\"width\":210,\"height\":104,\"caption\":\"Pediatryczne Centrum Zabiegowe Bielsko-Bia\u0142a\"},\"image\":{\"@id\":\"https:\/\/www.pczbielsko.pl\/pl\/#\/schema\/logo\/image\/\"},\"sameAs\":[\"https:\/\/www.facebook.com\/Pediatryczne-Centrum-Zabiegowe-289715897748382\/\"]}]}<\/script>\n<!-- \/ Yoast SEO plugin. -->","yoast_head_json":{"title":"Wa\u017cne informacje - Pediatryczne Centrum Zabiegowe - Bielsko-Bia\u0142a","robots":{"index":"index","follow":"follow","max-snippet":"max-snippet:-1","max-image-preview":"max-image-preview:large","max-video-preview":"max-video-preview:-1"},"canonical":"https:\/\/www.pczbielsko.pl\/pl\/wazne-informacje\/","og_locale":"pl_PL","og_type":"article","og_title":"Wa\u017cne informacje - Pediatryczne Centrum Zabiegowe - Bielsko-Bia\u0142a","og_url":"https:\/\/www.pczbielsko.pl\/pl\/wazne-informacje\/","og_site_name":"Pediatryczne Centrum Zabiegowe - Bielsko-Bia\u0142a","article_publisher":"https:\/\/www.facebook.com\/Pediatryczne-Centrum-Zabiegowe-289715897748382\/","article_modified_time":"2022-09-05T15:46:55+00:00","schema":{"@context":"https:\/\/schema.org","@graph":[{"@type":"WebPage","@id":"https:\/\/www.pczbielsko.pl\/pl\/wazne-informacje\/","url":"https:\/\/www.pczbielsko.pl\/pl\/wazne-informacje\/","name":"Wa\u017cne informacje - Pediatryczne Centrum Zabiegowe - Bielsko-Bia\u0142a","isPartOf":{"@id":"https:\/\/www.pczbielsko.pl\/pl\/#website"},"datePublished":"2014-06-13T14:25:53+00:00","dateModified":"2022-09-05T15:46:55+00:00","breadcrumb":{"@id":"https:\/\/www.pczbielsko.pl\/pl\/wazne-informacje\/#breadcrumb"},"inLanguage":"pl-PL","potentialAction":[{"@type":"ReadAction","target":["https:\/\/www.pczbielsko.pl\/pl\/wazne-informacje\/"]}]},{"@type":"BreadcrumbList","@id":"https:\/\/www.pczbielsko.pl\/pl\/wazne-informacje\/#breadcrumb","itemListElement":[{"@type":"ListItem","position":1,"name":"Strona g\u0142\u00f3wna","item":"https:\/\/www.pczbielsko.pl\/pl\/"},{"@type":"ListItem","position":2,"name":"Wa\u017cne informacje"}]},{"@type":"WebSite","@id":"https:\/\/www.pczbielsko.pl\/pl\/#website","url":"https:\/\/www.pczbielsko.pl\/pl\/","name":"Pediatryczne Centrum Zabiegowe - Bielsko-Bia\u0142a","description":"Pediatryczne Centrum Zabiegowe z Bielska-Bia\u0142ej prowadzi swoj\u0105 dzia\u0142alno\u015b\u0107 od 1998 roku.","publisher":{"@id":"https:\/\/www.pczbielsko.pl\/pl\/#organization"},"potentialAction":[{"@type":"SearchAction","target":{"@type":"EntryPoint","urlTemplate":"https:\/\/www.pczbielsko.pl\/pl\/?s={search_term_string}"},"query-input":{"@type":"PropertyValueSpecification","valueRequired":true,"valueName":"search_term_string"}}],"inLanguage":"pl-PL"},{"@type":"Organization","@id":"https:\/\/www.pczbielsko.pl\/pl\/#organization","name":"Pediatryczne Centrum Zabiegowe Bielsko-Bia\u0142a","url":"https:\/\/www.pczbielsko.pl\/pl\/","logo":{"@type":"ImageObject","inLanguage":"pl-PL","@id":"https:\/\/www.pczbielsko.pl\/pl\/#\/schema\/logo\/image\/","url":"http:\/\/www.pczbielsko.pl\/pl\/wp-content\/uploads\/2018\/09\/pcz-logo2.png","contentUrl":"http:\/\/www.pczbielsko.pl\/pl\/wp-content\/uploads\/2018\/09\/pcz-logo2.png","width":210,"height":104,"caption":"Pediatryczne Centrum Zabiegowe Bielsko-Bia\u0142a"},"image":{"@id":"https:\/\/www.pczbielsko.pl\/pl\/#\/schema\/logo\/image\/"},"sameAs":["https:\/\/www.facebook.com\/Pediatryczne-Centrum-Zabiegowe-289715897748382\/"]}]}},"uagb_featured_image_src":{"full":false,"thumbnail":false,"medium":false,"medium_large":false,"large":false,"1536x1536":false,"2048x2048":false,"homeNews":false},"uagb_author_info":{"display_name":"labre","author_link":"https:\/\/www.pczbielsko.pl\/pl\/author\/labre\/"},"uagb_comment_info":0,"uagb_excerpt":null,"_links":{"self":[{"href":"https:\/\/www.pczbielsko.pl\/pl\/wp-json\/wp\/v2\/pages\/222","targetHints":{"allow":["GET"]}}],"collection":[{"href":"https:\/\/www.pczbielsko.pl\/pl\/wp-json\/wp\/v2\/pages"}],"about":[{"href":"https:\/\/www.pczbielsko.pl\/pl\/wp-json\/wp\/v2\/types\/page"}],"author":[{"embeddable":true,"href":"https:\/\/www.pczbielsko.pl\/pl\/wp-json\/wp\/v2\/users\/1"}],"replies":[{"embeddable":true,"href":"https:\/\/www.pczbielsko.pl\/pl\/wp-json\/wp\/v2\/comments?post=222"}],"version-history":[{"count":10,"href":"https:\/\/www.pczbielsko.pl\/pl\/wp-json\/wp\/v2\/pages\/222\/revisions"}],"predecessor-version":[{"id":800,"href":"https:\/\/www.pczbielsko.pl\/pl\/wp-json\/wp\/v2\/pages\/222\/revisions\/800"}],"wp:attachment":[{"href":"https:\/\/www.pczbielsko.pl\/pl\/wp-json\/wp\/v2\/media?parent=222"}],"curies":[{"name":"wp","href":"https:\/\/api.w.org\/{rel}","templated":true}]}}