{"id":21,"date":"2014-06-09T21:13:49","date_gmt":"2014-06-09T19:13:49","guid":{"rendered":"http:\/\/pczbielsko.pl\/pl\/?page_id=21"},"modified":"2025-05-30T18:58:12","modified_gmt":"2025-05-30T16:58:12","slug":"dorosli","status":"publish","type":"page","link":"https:\/\/www.pczbielsko.pl\/pl\/dorosli\/","title":{"rendered":"Doro\u015bli"},"content":{"rendered":"\n<div style=\"height:20px\" aria-hidden=\"true\" class=\"wp-block-spacer\"><\/div>\n\n\n\n<h2 class=\"wp-block-heading oferta-h2\">Gabinety dla doros\u0142ych<\/h2>\n\n\n\n<div style=\"height:20px\" aria-hidden=\"true\" class=\"wp-block-spacer\"><\/div>\n\n\n\n<div style=\"height:25px\" aria-hidden=\"true\" class=\"wp-block-spacer\"><\/div>\n\n\n\n<div class=\"wp-block-uagb-marketing-button uagb-marketing-btn__align-left uagb-marketing-btn__align-text-center uagb-marketing-btn__icon-after uagb-block-d0cc5672 wp-block-button\"><a href=\"\/nasi-lekarze\" class=\"uagb-marketing-btn__link wp-block-button__link\" target=\"\" rel=\"noopener noreferrer\"><span class=\"uagb-marketing-btn__title\">ZOBACZ LEKARZY<\/span><svg xmlns=\"https:\/\/www.w3.org\/2000\/svg\" viewBox=\"0 0 512 512\"><path d=\"M384 320c-17.67 0-32 14.33-32 32v96H64V160h96c17.67 0 32-14.32 32-32s-14.33-32-32-32L64 96c-35.35 0-64 28.65-64 64V448c0 35.34 28.65 64 64 64h288c35.35 0 64-28.66 64-64v-96C416 334.3 401.7 320 384 320zM488 0H352c-12.94 0-24.62 7.797-29.56 19.75c-4.969 11.97-2.219 25.72 6.938 34.88L370.8 96L169.4 297.4c-12.5 12.5-12.5 32.75 0 45.25C175.6 348.9 183.8 352 192 352s16.38-3.125 22.62-9.375L416 141.3l41.38 41.38c9.156 9.141 22.88 11.84 34.88 6.938C504.2 184.6 512 172.9 512 160V24C512 10.74 501.3 0 488 0z\"><\/path><\/svg><p class=\"uagb-marketing-btn__prefix\"><\/p><\/a><\/div>\n\n\n\n<div style=\"height:41px\" aria-hidden=\"true\" class=\"wp-block-spacer\"><\/div>\n\n\n\n<div class=\"wp-block-columns is-layout-flex wp-container-core-columns-is-layout-9d6595d7 wp-block-columns-is-layout-flex\">\n<div class=\"wp-block-column is-layout-flow wp-block-column-is-layout-flow\">\n<div class=\"wp-block-uagb-icon-list uagb-block-f747032d\"><div class=\"uagb-icon-list__wrap\">\n<div class=\"wp-block-uagb-icon-list-child uagb-block-819c19fa\"><span class=\"uagb-icon-list__source-wrap\"><svg xmlns=\"https:\/\/www.w3.org\/2000\/svg\" viewBox=\"0 0 256 512\"><path d=\"M64 448c-8.188 0-16.38-3.125-22.62-9.375c-12.5-12.5-12.5-32.75 0-45.25L178.8 256L41.38 118.6c-12.5-12.5-12.5-32.75 0-45.25s32.75-12.5 45.25 0l160 160c12.5 12.5 12.5 32.75 0 45.25l-160 160C80.38 444.9 72.19 448 64 448z\"><\/path><\/svg><\/span><span class=\"uagb-icon-list__label\">Stomatologia<\/span><\/div>\n\n\n\n<div class=\"wp-block-uagb-icon-list-child uagb-block-82722bca\"><span class=\"uagb-icon-list__source-wrap\"><svg xmlns=\"https:\/\/www.w3.org\/2000\/svg\" viewBox=\"0 0 256 512\"><path d=\"M64 448c-8.188 0-16.38-3.125-22.62-9.375c-12.5-12.5-12.5-32.75 0-45.25L178.8 256L41.38 118.6c-12.5-12.5-12.5-32.75 0-45.25s32.75-12.5 45.25 0l160 160c12.5 12.5 12.5 32.75 0 45.25l-160 160C80.38 444.9 72.19 448 64 448z\"><\/path><\/svg><\/span><span class=\"uagb-icon-list__label\">Chirurgia og\u00f3lna<\/span><\/div>\n\n\n\n<div class=\"wp-block-uagb-icon-list-child uagb-block-c01f8a68\"><span class=\"uagb-icon-list__source-wrap\"><svg xmlns=\"https:\/\/www.w3.org\/2000\/svg\" viewBox=\"0 0 256 512\"><path d=\"M64 448c-8.188 0-16.38-3.125-22.62-9.375c-12.5-12.5-12.5-32.75 0-45.25L178.8 256L41.38 118.6c-12.5-12.5-12.5-32.75 0-45.25s32.75-12.5 45.25 0l160 160c12.5 12.5 12.5 32.75 0 45.25l-160 160C80.38 444.9 72.19 448 64 448z\"><\/path><\/svg><\/span><span class=\"uagb-icon-list__label\">Chirurgia onkologiczna<\/span><\/div>\n\n\n\n<div class=\"wp-block-uagb-icon-list-child uagb-block-5d895d40\"><span class=\"uagb-icon-list__source-wrap\"><svg xmlns=\"https:\/\/www.w3.org\/2000\/svg\" viewBox=\"0 0 256 512\"><path d=\"M64 448c-8.188 0-16.38-3.125-22.62-9.375c-12.5-12.5-12.5-32.75 0-45.25L178.8 256L41.38 118.6c-12.5-12.5-12.5-32.75 0-45.25s32.75-12.5 45.25 0l160 160c12.5 12.5 12.5 32.75 0 45.25l-160 160C80.38 444.9 72.19 448 64 448z\"><\/path><\/svg><\/span><span class=\"uagb-icon-list__label\">Radiologia<\/span><\/div>\n<\/div><\/div>\n<\/div>\n\n\n\n<div class=\"wp-block-column is-layout-flow wp-block-column-is-layout-flow\">\n<div class=\"wp-block-uagb-icon-list uagb-block-7dce6def\"><div class=\"uagb-icon-list__wrap\">\n<div class=\"wp-block-uagb-icon-list-child uagb-block-b2828dfa\"><span class=\"uagb-icon-list__source-wrap\"><svg xmlns=\"https:\/\/www.w3.org\/2000\/svg\" viewBox=\"0 0 256 512\"><path d=\"M64 448c-8.188 0-16.38-3.125-22.62-9.375c-12.5-12.5-12.5-32.75 0-45.25L178.8 256L41.38 118.6c-12.5-12.5-12.5-32.75 0-45.25s32.75-12.5 45.25 0l160 160c12.5 12.5 12.5 32.75 0 45.25l-160 160C80.38 444.9 72.19 448 64 448z\"><\/path><\/svg><\/span><span class=\"uagb-icon-list__label\">Poradnia chirurgii r\u0119ki<\/span><\/div>\n\n\n\n<div class=\"wp-block-uagb-icon-list-child uagb-block-3ad9e75a\"><span class=\"uagb-icon-list__source-wrap\"><svg xmlns=\"https:\/\/www.w3.org\/2000\/svg\" viewBox=\"0 0 256 512\"><path d=\"M64 448c-8.188 0-16.38-3.125-22.62-9.375c-12.5-12.5-12.5-32.75 0-45.25L178.8 256L41.38 118.6c-12.5-12.5-12.5-32.75 0-45.25s32.75-12.5 45.25 0l160 160c12.5 12.5 12.5 32.75 0 45.25l-160 160C80.38 444.9 72.19 448 64 448z\"><\/path><\/svg><\/span><span class=\"uagb-icon-list__label\">Laryngologia<\/span><\/div>\n\n\n\n<div class=\"wp-block-uagb-icon-list-child uagb-block-43553228\"><span class=\"uagb-icon-list__source-wrap\"><svg xmlns=\"https:\/\/www.w3.org\/2000\/svg\" viewBox=\"0 0 256 512\"><path d=\"M64 448c-8.188 0-16.38-3.125-22.62-9.375c-12.5-12.5-12.5-32.75 0-45.25L178.8 256L41.38 118.6c-12.5-12.5-12.5-32.75 0-45.25s32.75-12.5 45.25 0l160 160c12.5 12.5 12.5 32.75 0 45.25l-160 160C80.38 444.9 72.19 448 64 448z\"><\/path><\/svg><\/span><span class=\"uagb-icon-list__label\">Psychologia<\/span><\/div>\n<\/div><\/div>\n<\/div>\n\n\n\n<div class=\"wp-block-column is-layout-flow wp-block-column-is-layout-flow\"><\/div>\n<\/div>\n","protected":false},"excerpt":{"rendered":"<p>Gabinety dla doros\u0142ych<\/p>\n","protected":false},"author":1,"featured_media":0,"parent":0,"menu_order":0,"comment_status":"open","ping_status":"open","template":"","meta":{"_uag_custom_page_level_css":"","footnotes":""},"class_list":["post-21","page","type-page","status-publish","hentry"],"yoast_head":"<!-- This site is optimized with the Yoast SEO plugin v26.0 - https:\/\/yoast.com\/wordpress\/plugins\/seo\/ -->\n<title>Doro\u015bli - Pediatryczne Centrum Zabiegowe - Bielsko-Bia\u0142a<\/title>\n<meta name=\"robots\" content=\"index, follow, max-snippet:-1, max-image-preview:large, max-video-preview:-1\" \/>\n<link rel=\"canonical\" href=\"https:\/\/www.pczbielsko.pl\/pl\/dorosli\/\" \/>\n<meta property=\"og:locale\" content=\"pl_PL\" \/>\n<meta property=\"og:type\" content=\"article\" \/>\n<meta property=\"og:title\" content=\"Doro\u015bli - Pediatryczne Centrum Zabiegowe - Bielsko-Bia\u0142a\" \/>\n<meta property=\"og:description\" content=\"Gabinety dla doros\u0142ych\" \/>\n<meta property=\"og:url\" content=\"https:\/\/www.pczbielsko.pl\/pl\/dorosli\/\" \/>\n<meta property=\"og:site_name\" content=\"Pediatryczne Centrum Zabiegowe - Bielsko-Bia\u0142a\" \/>\n<meta property=\"article:publisher\" content=\"https:\/\/www.facebook.com\/Pediatryczne-Centrum-Zabiegowe-289715897748382\/\" \/>\n<meta property=\"article:modified_time\" content=\"2025-05-30T16:58:12+00:00\" \/>\n<meta name=\"twitter:label1\" content=\"Szacowany czas czytania\" \/>\n\t<meta name=\"twitter:data1\" content=\"1 minuta\" \/>\n<script type=\"application\/ld+json\" class=\"yoast-schema-graph\">{\"@context\":\"https:\/\/schema.org\",\"@graph\":[{\"@type\":\"WebPage\",\"@id\":\"https:\/\/www.pczbielsko.pl\/pl\/dorosli\/\",\"url\":\"https:\/\/www.pczbielsko.pl\/pl\/dorosli\/\",\"name\":\"Doro\u015bli - Pediatryczne Centrum Zabiegowe - Bielsko-Bia\u0142a\",\"isPartOf\":{\"@id\":\"https:\/\/www.pczbielsko.pl\/pl\/#website\"},\"datePublished\":\"2014-06-09T19:13:49+00:00\",\"dateModified\":\"2025-05-30T16:58:12+00:00\",\"breadcrumb\":{\"@id\":\"https:\/\/www.pczbielsko.pl\/pl\/dorosli\/#breadcrumb\"},\"inLanguage\":\"pl-PL\",\"potentialAction\":[{\"@type\":\"ReadAction\",\"target\":[\"https:\/\/www.pczbielsko.pl\/pl\/dorosli\/\"]}]},{\"@type\":\"BreadcrumbList\",\"@id\":\"https:\/\/www.pczbielsko.pl\/pl\/dorosli\/#breadcrumb\",\"itemListElement\":[{\"@type\":\"ListItem\",\"position\":1,\"name\":\"Strona g\u0142\u00f3wna\",\"item\":\"https:\/\/www.pczbielsko.pl\/pl\/\"},{\"@type\":\"ListItem\",\"position\":2,\"name\":\"Doro\u015bli\"}]},{\"@type\":\"WebSite\",\"@id\":\"https:\/\/www.pczbielsko.pl\/pl\/#website\",\"url\":\"https:\/\/www.pczbielsko.pl\/pl\/\",\"name\":\"Pediatryczne Centrum Zabiegowe - Bielsko-Bia\u0142a\",\"description\":\"Pediatryczne Centrum Zabiegowe z Bielska-Bia\u0142ej prowadzi swoj\u0105 dzia\u0142alno\u015b\u0107 od 1998 roku.\",\"publisher\":{\"@id\":\"https:\/\/www.pczbielsko.pl\/pl\/#organization\"},\"potentialAction\":[{\"@type\":\"SearchAction\",\"target\":{\"@type\":\"EntryPoint\",\"urlTemplate\":\"https:\/\/www.pczbielsko.pl\/pl\/?s={search_term_string}\"},\"query-input\":{\"@type\":\"PropertyValueSpecification\",\"valueRequired\":true,\"valueName\":\"search_term_string\"}}],\"inLanguage\":\"pl-PL\"},{\"@type\":\"Organization\",\"@id\":\"https:\/\/www.pczbielsko.pl\/pl\/#organization\",\"name\":\"Pediatryczne Centrum Zabiegowe Bielsko-Bia\u0142a\",\"url\":\"https:\/\/www.pczbielsko.pl\/pl\/\",\"logo\":{\"@type\":\"ImageObject\",\"inLanguage\":\"pl-PL\",\"@id\":\"https:\/\/www.pczbielsko.pl\/pl\/#\/schema\/logo\/image\/\",\"url\":\"http:\/\/www.pczbielsko.pl\/pl\/wp-content\/uploads\/2018\/09\/pcz-logo2.png\",\"contentUrl\":\"http:\/\/www.pczbielsko.pl\/pl\/wp-content\/uploads\/2018\/09\/pcz-logo2.png\",\"width\":210,\"height\":104,\"caption\":\"Pediatryczne Centrum Zabiegowe Bielsko-Bia\u0142a\"},\"image\":{\"@id\":\"https:\/\/www.pczbielsko.pl\/pl\/#\/schema\/logo\/image\/\"},\"sameAs\":[\"https:\/\/www.facebook.com\/Pediatryczne-Centrum-Zabiegowe-289715897748382\/\"]}]}<\/script>\n<!-- \/ Yoast SEO plugin. -->","yoast_head_json":{"title":"Doro\u015bli - Pediatryczne Centrum Zabiegowe - Bielsko-Bia\u0142a","robots":{"index":"index","follow":"follow","max-snippet":"max-snippet:-1","max-image-preview":"max-image-preview:large","max-video-preview":"max-video-preview:-1"},"canonical":"https:\/\/www.pczbielsko.pl\/pl\/dorosli\/","og_locale":"pl_PL","og_type":"article","og_title":"Doro\u015bli - Pediatryczne Centrum Zabiegowe - Bielsko-Bia\u0142a","og_description":"Gabinety dla doros\u0142ych","og_url":"https:\/\/www.pczbielsko.pl\/pl\/dorosli\/","og_site_name":"Pediatryczne Centrum Zabiegowe - Bielsko-Bia\u0142a","article_publisher":"https:\/\/www.facebook.com\/Pediatryczne-Centrum-Zabiegowe-289715897748382\/","article_modified_time":"2025-05-30T16:58:12+00:00","twitter_misc":{"Szacowany czas czytania":"1 minuta"},"schema":{"@context":"https:\/\/schema.org","@graph":[{"@type":"WebPage","@id":"https:\/\/www.pczbielsko.pl\/pl\/dorosli\/","url":"https:\/\/www.pczbielsko.pl\/pl\/dorosli\/","name":"Doro\u015bli - Pediatryczne Centrum Zabiegowe - Bielsko-Bia\u0142a","isPartOf":{"@id":"https:\/\/www.pczbielsko.pl\/pl\/#website"},"datePublished":"2014-06-09T19:13:49+00:00","dateModified":"2025-05-30T16:58:12+00:00","breadcrumb":{"@id":"https:\/\/www.pczbielsko.pl\/pl\/dorosli\/#breadcrumb"},"inLanguage":"pl-PL","potentialAction":[{"@type":"ReadAction","target":["https:\/\/www.pczbielsko.pl\/pl\/dorosli\/"]}]},{"@type":"BreadcrumbList","@id":"https:\/\/www.pczbielsko.pl\/pl\/dorosli\/#breadcrumb","itemListElement":[{"@type":"ListItem","position":1,"name":"Strona g\u0142\u00f3wna","item":"https:\/\/www.pczbielsko.pl\/pl\/"},{"@type":"ListItem","position":2,"name":"Doro\u015bli"}]},{"@type":"WebSite","@id":"https:\/\/www.pczbielsko.pl\/pl\/#website","url":"https:\/\/www.pczbielsko.pl\/pl\/","name":"Pediatryczne Centrum Zabiegowe - Bielsko-Bia\u0142a","description":"Pediatryczne Centrum Zabiegowe z Bielska-Bia\u0142ej prowadzi swoj\u0105 dzia\u0142alno\u015b\u0107 od 1998 roku.","publisher":{"@id":"https:\/\/www.pczbielsko.pl\/pl\/#organization"},"potentialAction":[{"@type":"SearchAction","target":{"@type":"EntryPoint","urlTemplate":"https:\/\/www.pczbielsko.pl\/pl\/?s={search_term_string}"},"query-input":{"@type":"PropertyValueSpecification","valueRequired":true,"valueName":"search_term_string"}}],"inLanguage":"pl-PL"},{"@type":"Organization","@id":"https:\/\/www.pczbielsko.pl\/pl\/#organization","name":"Pediatryczne Centrum Zabiegowe Bielsko-Bia\u0142a","url":"https:\/\/www.pczbielsko.pl\/pl\/","logo":{"@type":"ImageObject","inLanguage":"pl-PL","@id":"https:\/\/www.pczbielsko.pl\/pl\/#\/schema\/logo\/image\/","url":"http:\/\/www.pczbielsko.pl\/pl\/wp-content\/uploads\/2018\/09\/pcz-logo2.png","contentUrl":"http:\/\/www.pczbielsko.pl\/pl\/wp-content\/uploads\/2018\/09\/pcz-logo2.png","width":210,"height":104,"caption":"Pediatryczne Centrum Zabiegowe Bielsko-Bia\u0142a"},"image":{"@id":"https:\/\/www.pczbielsko.pl\/pl\/#\/schema\/logo\/image\/"},"sameAs":["https:\/\/www.facebook.com\/Pediatryczne-Centrum-Zabiegowe-289715897748382\/"]}]}},"uagb_featured_image_src":{"full":false,"thumbnail":false,"medium":false,"medium_large":false,"large":false,"1536x1536":false,"2048x2048":false,"homeNews":false},"uagb_author_info":{"display_name":"labre","author_link":"https:\/\/www.pczbielsko.pl\/pl\/author\/labre\/"},"uagb_comment_info":0,"uagb_excerpt":"Gabinety dla doros\u0142ych","_links":{"self":[{"href":"https:\/\/www.pczbielsko.pl\/pl\/wp-json\/wp\/v2\/pages\/21","targetHints":{"allow":["GET"]}}],"collection":[{"href":"https:\/\/www.pczbielsko.pl\/pl\/wp-json\/wp\/v2\/pages"}],"about":[{"href":"https:\/\/www.pczbielsko.pl\/pl\/wp-json\/wp\/v2\/types\/page"}],"author":[{"embeddable":true,"href":"https:\/\/www.pczbielsko.pl\/pl\/wp-json\/wp\/v2\/users\/1"}],"replies":[{"embeddable":true,"href":"https:\/\/www.pczbielsko.pl\/pl\/wp-json\/wp\/v2\/comments?post=21"}],"version-history":[{"count":45,"href":"https:\/\/www.pczbielsko.pl\/pl\/wp-json\/wp\/v2\/pages\/21\/revisions"}],"predecessor-version":[{"id":935,"href":"https:\/\/www.pczbielsko.pl\/pl\/wp-json\/wp\/v2\/pages\/21\/revisions\/935"}],"wp:attachment":[{"href":"https:\/\/www.pczbielsko.pl\/pl\/wp-json\/wp\/v2\/media?parent=21"}],"curies":[{"name":"wp","href":"https:\/\/api.w.org\/{rel}","templated":true}]}}