{"id":107,"date":"2014-06-11T13:21:05","date_gmt":"2014-06-11T11:21:05","guid":{"rendered":"http:\/\/pczbielsko.pl\/pl\/?page_id=107"},"modified":"2025-11-07T10:20:46","modified_gmt":"2025-11-07T09:20:46","slug":"nasi-lekarze","status":"publish","type":"page","link":"https:\/\/www.pczbielsko.pl\/pl\/nasi-lekarze\/","title":{"rendered":"Nasi lekarze"},"content":{"rendered":"\n<div class=\"wp-block-columns is-layout-flex wp-container-core-columns-is-layout-9d6595d7 wp-block-columns-is-layout-flex\">\n<div class=\"wp-block-column is-layout-flow wp-block-column-is-layout-flow\">\n<h2 class=\"wp-block-heading lekarze-h2\"><strong>Chirurgia r\u0119ki \/ Ortopedia<\/strong><\/h2>\n\n\n\n<p>lek. med. W. Janusz<\/p>\n\n\n\n<h2 class=\"wp-block-heading lekarze-h2\"><strong>Kardiologia dzieci\u0119ca<\/strong><\/h2>\n\n\n\n<p>lek. med. E. G\u0105sierkiewicz-Sadlik<\/p>\n\n\n\n<h2 class=\"wp-block-heading lekarze-h2\"><strong>Poradnia logopedyczna<\/strong><\/h2>\n\n\n\n<p>mgr M. Gwinner<br>mgr M. Bogacz-Jakubiec<br>mgr B. Migu\u0142a<\/p>\n\n\n\n<h2 class=\"wp-block-heading lekarze-h2\"><strong>Poradnia psychologiczna<\/strong><\/h2>\n\n\n\n<p>mgr B. Pasowicz<\/p>\n<\/div>\n\n\n\n<div class=\"wp-block-column is-layout-flow wp-block-column-is-layout-flow\">\n<h2 class=\"wp-block-heading lekarze-h2\"><strong>Laryngologia dzieci\u0119ca \/ Otolaryngologia<\/strong><\/h2>\n\n\n\n<p>lek. med. A. Papla<br>lek. med. W. Szcze\u015bniak<br>lek. med. G. Martini-Kami\u0144ska<br>lek. med. W. Szczerbowski<br>lek.med. J. Mi\u015b<\/p>\n\n\n\n<h2 class=\"wp-block-heading lekarze-h2\"><strong>Chirurgia dzieci\u0119ca<\/strong><\/h2>\n\n\n\n<p>lek. med. J. Kaczmarczyk<br>lek. med. M. Har\u0119\u017clak<br>lek. med. B. Zapart<br>dr. n. med. T. Smy\u0142a<br>lek. med R. Odrzywo\u0142ek<\/p>\n\n\n\n<h2 class=\"wp-block-heading lekarze-h2\">Pracownia USG<\/h2>\n\n\n\n<p>lek. med. A. Jaworowski<\/p>\n\n\n\n<p>lek. med. J. Jak\u00f3bowska<\/p>\n\n\n\n<h2 class=\"wp-block-heading lekarze-h2\"><strong>Rehabilitacja niemowl\u0105t<\/strong><\/h2>\n\n\n\n<p>mgr J. Balon<\/p>\n<\/div>\n\n\n\n<div class=\"wp-block-column is-layout-flow wp-block-column-is-layout-flow\">\n<h2 class=\"wp-block-heading lekarze-h2\"><strong>Audiologia<\/strong><\/h2>\n\n\n\n<p>lek. med. R. Bieszczanin<\/p>\n\n\n\n<h2 class=\"wp-block-heading lekarze-h2\"><strong>Stomatologia<\/strong><\/h2>\n\n\n\n<p>lek. stom. A. Babicz-Grzybowska<br>lek. stom. D. Wyciszczak<br>lek.med. M. Grzybowski \u2013 anestezjolog<br>lek. stom. M. Twardawa<\/p>\n\n\n\n<h2 class=\"wp-block-heading lekarze-h2\"><strong>Ortodoncja<\/strong><\/h2>\n\n\n\n<p>lek. stom. B. Pawlus<\/p>\n\n\n\n<h2 class=\"wp-block-heading lekarze-h2\"><strong>Urologia dzieci\u0119ca<\/strong><\/h2>\n\n\n\n<p>dr n. med. W. Utrata<\/p>\n\n\n\n<h2 class=\"wp-block-heading lekarze-h2\"><strong>Hematologia dzieci\u0119ca<\/strong><\/h2>\n\n\n\n<p>dr hab. n. med. A. Mizia-Malarz<\/p>\n<\/div>\n<\/div>\n","protected":false},"excerpt":{"rendered":"<p>Chirurgia r\u0119ki \/ Ortopedia lek. med. W. Janusz Kardiologia dzieci\u0119ca lek. med. E. G\u0105sierkiewicz-Sadlik Poradnia [&hellip;]<\/p>\n","protected":false},"author":1,"featured_media":0,"parent":0,"menu_order":0,"comment_status":"open","ping_status":"open","template":"","meta":{"_uag_custom_page_level_css":"","footnotes":""},"class_list":["post-107","page","type-page","status-publish","hentry"],"yoast_head":"<!-- This site is optimized with the Yoast SEO plugin v26.0 - https:\/\/yoast.com\/wordpress\/plugins\/seo\/ -->\n<title>Nasi lekarze - Pediatryczne Centrum Zabiegowe - Bielsko-Bia\u0142a<\/title>\n<meta name=\"robots\" content=\"index, follow, max-snippet:-1, max-image-preview:large, max-video-preview:-1\" \/>\n<link rel=\"canonical\" href=\"https:\/\/www.pczbielsko.pl\/pl\/nasi-lekarze\/\" \/>\n<meta property=\"og:locale\" content=\"pl_PL\" \/>\n<meta property=\"og:type\" content=\"article\" \/>\n<meta property=\"og:title\" content=\"Nasi lekarze - Pediatryczne Centrum Zabiegowe - Bielsko-Bia\u0142a\" \/>\n<meta property=\"og:description\" content=\"Chirurgia r\u0119ki \/ Ortopedia lek. med. W. Janusz Kardiologia dzieci\u0119ca lek. med. E. G\u0105sierkiewicz-Sadlik Poradnia [&hellip;]\" \/>\n<meta property=\"og:url\" content=\"https:\/\/www.pczbielsko.pl\/pl\/nasi-lekarze\/\" \/>\n<meta property=\"og:site_name\" content=\"Pediatryczne Centrum Zabiegowe - Bielsko-Bia\u0142a\" \/>\n<meta property=\"article:publisher\" content=\"https:\/\/www.facebook.com\/Pediatryczne-Centrum-Zabiegowe-289715897748382\/\" \/>\n<meta property=\"article:modified_time\" content=\"2025-11-07T09:20:46+00:00\" \/>\n<meta name=\"twitter:label1\" content=\"Szacowany czas czytania\" \/>\n\t<meta name=\"twitter:data1\" content=\"1 minuta\" \/>\n<script type=\"application\/ld+json\" class=\"yoast-schema-graph\">{\"@context\":\"https:\/\/schema.org\",\"@graph\":[{\"@type\":\"WebPage\",\"@id\":\"https:\/\/www.pczbielsko.pl\/pl\/nasi-lekarze\/\",\"url\":\"https:\/\/www.pczbielsko.pl\/pl\/nasi-lekarze\/\",\"name\":\"Nasi lekarze - Pediatryczne Centrum Zabiegowe - Bielsko-Bia\u0142a\",\"isPartOf\":{\"@id\":\"https:\/\/www.pczbielsko.pl\/pl\/#website\"},\"datePublished\":\"2014-06-11T11:21:05+00:00\",\"dateModified\":\"2025-11-07T09:20:46+00:00\",\"breadcrumb\":{\"@id\":\"https:\/\/www.pczbielsko.pl\/pl\/nasi-lekarze\/#breadcrumb\"},\"inLanguage\":\"pl-PL\",\"potentialAction\":[{\"@type\":\"ReadAction\",\"target\":[\"https:\/\/www.pczbielsko.pl\/pl\/nasi-lekarze\/\"]}]},{\"@type\":\"BreadcrumbList\",\"@id\":\"https:\/\/www.pczbielsko.pl\/pl\/nasi-lekarze\/#breadcrumb\",\"itemListElement\":[{\"@type\":\"ListItem\",\"position\":1,\"name\":\"Strona g\u0142\u00f3wna\",\"item\":\"https:\/\/www.pczbielsko.pl\/pl\/\"},{\"@type\":\"ListItem\",\"position\":2,\"name\":\"Nasi lekarze\"}]},{\"@type\":\"WebSite\",\"@id\":\"https:\/\/www.pczbielsko.pl\/pl\/#website\",\"url\":\"https:\/\/www.pczbielsko.pl\/pl\/\",\"name\":\"Pediatryczne Centrum Zabiegowe - Bielsko-Bia\u0142a\",\"description\":\"Pediatryczne Centrum Zabiegowe z Bielska-Bia\u0142ej prowadzi swoj\u0105 dzia\u0142alno\u015b\u0107 od 1998 roku.\",\"publisher\":{\"@id\":\"https:\/\/www.pczbielsko.pl\/pl\/#organization\"},\"potentialAction\":[{\"@type\":\"SearchAction\",\"target\":{\"@type\":\"EntryPoint\",\"urlTemplate\":\"https:\/\/www.pczbielsko.pl\/pl\/?s={search_term_string}\"},\"query-input\":{\"@type\":\"PropertyValueSpecification\",\"valueRequired\":true,\"valueName\":\"search_term_string\"}}],\"inLanguage\":\"pl-PL\"},{\"@type\":\"Organization\",\"@id\":\"https:\/\/www.pczbielsko.pl\/pl\/#organization\",\"name\":\"Pediatryczne Centrum Zabiegowe Bielsko-Bia\u0142a\",\"url\":\"https:\/\/www.pczbielsko.pl\/pl\/\",\"logo\":{\"@type\":\"ImageObject\",\"inLanguage\":\"pl-PL\",\"@id\":\"https:\/\/www.pczbielsko.pl\/pl\/#\/schema\/logo\/image\/\",\"url\":\"http:\/\/www.pczbielsko.pl\/pl\/wp-content\/uploads\/2018\/09\/pcz-logo2.png\",\"contentUrl\":\"http:\/\/www.pczbielsko.pl\/pl\/wp-content\/uploads\/2018\/09\/pcz-logo2.png\",\"width\":210,\"height\":104,\"caption\":\"Pediatryczne Centrum Zabiegowe Bielsko-Bia\u0142a\"},\"image\":{\"@id\":\"https:\/\/www.pczbielsko.pl\/pl\/#\/schema\/logo\/image\/\"},\"sameAs\":[\"https:\/\/www.facebook.com\/Pediatryczne-Centrum-Zabiegowe-289715897748382\/\"]}]}<\/script>\n<!-- \/ Yoast SEO plugin. -->","yoast_head_json":{"title":"Nasi lekarze - Pediatryczne Centrum Zabiegowe - Bielsko-Bia\u0142a","robots":{"index":"index","follow":"follow","max-snippet":"max-snippet:-1","max-image-preview":"max-image-preview:large","max-video-preview":"max-video-preview:-1"},"canonical":"https:\/\/www.pczbielsko.pl\/pl\/nasi-lekarze\/","og_locale":"pl_PL","og_type":"article","og_title":"Nasi lekarze - Pediatryczne Centrum Zabiegowe - Bielsko-Bia\u0142a","og_description":"Chirurgia r\u0119ki \/ Ortopedia lek. med. W. Janusz Kardiologia dzieci\u0119ca lek. med. E. G\u0105sierkiewicz-Sadlik Poradnia [&hellip;]","og_url":"https:\/\/www.pczbielsko.pl\/pl\/nasi-lekarze\/","og_site_name":"Pediatryczne Centrum Zabiegowe - Bielsko-Bia\u0142a","article_publisher":"https:\/\/www.facebook.com\/Pediatryczne-Centrum-Zabiegowe-289715897748382\/","article_modified_time":"2025-11-07T09:20:46+00:00","twitter_misc":{"Szacowany czas czytania":"1 minuta"},"schema":{"@context":"https:\/\/schema.org","@graph":[{"@type":"WebPage","@id":"https:\/\/www.pczbielsko.pl\/pl\/nasi-lekarze\/","url":"https:\/\/www.pczbielsko.pl\/pl\/nasi-lekarze\/","name":"Nasi lekarze - Pediatryczne Centrum Zabiegowe - Bielsko-Bia\u0142a","isPartOf":{"@id":"https:\/\/www.pczbielsko.pl\/pl\/#website"},"datePublished":"2014-06-11T11:21:05+00:00","dateModified":"2025-11-07T09:20:46+00:00","breadcrumb":{"@id":"https:\/\/www.pczbielsko.pl\/pl\/nasi-lekarze\/#breadcrumb"},"inLanguage":"pl-PL","potentialAction":[{"@type":"ReadAction","target":["https:\/\/www.pczbielsko.pl\/pl\/nasi-lekarze\/"]}]},{"@type":"BreadcrumbList","@id":"https:\/\/www.pczbielsko.pl\/pl\/nasi-lekarze\/#breadcrumb","itemListElement":[{"@type":"ListItem","position":1,"name":"Strona g\u0142\u00f3wna","item":"https:\/\/www.pczbielsko.pl\/pl\/"},{"@type":"ListItem","position":2,"name":"Nasi lekarze"}]},{"@type":"WebSite","@id":"https:\/\/www.pczbielsko.pl\/pl\/#website","url":"https:\/\/www.pczbielsko.pl\/pl\/","name":"Pediatryczne Centrum Zabiegowe - Bielsko-Bia\u0142a","description":"Pediatryczne Centrum Zabiegowe z Bielska-Bia\u0142ej prowadzi swoj\u0105 dzia\u0142alno\u015b\u0107 od 1998 roku.","publisher":{"@id":"https:\/\/www.pczbielsko.pl\/pl\/#organization"},"potentialAction":[{"@type":"SearchAction","target":{"@type":"EntryPoint","urlTemplate":"https:\/\/www.pczbielsko.pl\/pl\/?s={search_term_string}"},"query-input":{"@type":"PropertyValueSpecification","valueRequired":true,"valueName":"search_term_string"}}],"inLanguage":"pl-PL"},{"@type":"Organization","@id":"https:\/\/www.pczbielsko.pl\/pl\/#organization","name":"Pediatryczne Centrum Zabiegowe Bielsko-Bia\u0142a","url":"https:\/\/www.pczbielsko.pl\/pl\/","logo":{"@type":"ImageObject","inLanguage":"pl-PL","@id":"https:\/\/www.pczbielsko.pl\/pl\/#\/schema\/logo\/image\/","url":"http:\/\/www.pczbielsko.pl\/pl\/wp-content\/uploads\/2018\/09\/pcz-logo2.png","contentUrl":"http:\/\/www.pczbielsko.pl\/pl\/wp-content\/uploads\/2018\/09\/pcz-logo2.png","width":210,"height":104,"caption":"Pediatryczne Centrum Zabiegowe Bielsko-Bia\u0142a"},"image":{"@id":"https:\/\/www.pczbielsko.pl\/pl\/#\/schema\/logo\/image\/"},"sameAs":["https:\/\/www.facebook.com\/Pediatryczne-Centrum-Zabiegowe-289715897748382\/"]}]}},"uagb_featured_image_src":{"full":false,"thumbnail":false,"medium":false,"medium_large":false,"large":false,"1536x1536":false,"2048x2048":false,"homeNews":false},"uagb_author_info":{"display_name":"labre","author_link":"https:\/\/www.pczbielsko.pl\/pl\/author\/labre\/"},"uagb_comment_info":0,"uagb_excerpt":"Chirurgia r\u0119ki \/ Ortopedia lek. med. W. Janusz Kardiologia dzieci\u0119ca lek. med. E. G\u0105sierkiewicz-Sadlik Poradnia [&hellip;]","_links":{"self":[{"href":"https:\/\/www.pczbielsko.pl\/pl\/wp-json\/wp\/v2\/pages\/107","targetHints":{"allow":["GET"]}}],"collection":[{"href":"https:\/\/www.pczbielsko.pl\/pl\/wp-json\/wp\/v2\/pages"}],"about":[{"href":"https:\/\/www.pczbielsko.pl\/pl\/wp-json\/wp\/v2\/types\/page"}],"author":[{"embeddable":true,"href":"https:\/\/www.pczbielsko.pl\/pl\/wp-json\/wp\/v2\/users\/1"}],"replies":[{"embeddable":true,"href":"https:\/\/www.pczbielsko.pl\/pl\/wp-json\/wp\/v2\/comments?post=107"}],"version-history":[{"count":76,"href":"https:\/\/www.pczbielsko.pl\/pl\/wp-json\/wp\/v2\/pages\/107\/revisions"}],"predecessor-version":[{"id":959,"href":"https:\/\/www.pczbielsko.pl\/pl\/wp-json\/wp\/v2\/pages\/107\/revisions\/959"}],"wp:attachment":[{"href":"https:\/\/www.pczbielsko.pl\/pl\/wp-json\/wp\/v2\/media?parent=107"}],"curies":[{"name":"wp","href":"https:\/\/api.w.org\/{rel}","templated":true}]}}